{"id":608,"date":"2021-12-12T08:37:09","date_gmt":"2021-12-12T13:37:09","guid":{"rendered":"https:\/\/multimediaytransmedia.uniandes.edu.co\/valeria-tafurt\/?page_id=608"},"modified":"2021-12-14T00:42:21","modified_gmt":"2021-12-14T05:42:21","slug":"creditos","status":"publish","type":"page","link":"https:\/\/multimediaytransmedia.uniandes.edu.co\/valeria-tafurt\/creditos\/","title":{"rendered":"Cr\u00e9ditos"},"content":{"rendered":"\n<p class=\"has-text-align-center\">Investigaci\u00f3n y documentaci\u00f3n:<br>Ana R\u00edos Cruz<br>Catalina Santamar\u00eda Soto<br>Valeria Tafurt Orteg\u00f3n<br>Seminario R\u00edos y selvas: etnograf\u00edas del paisaje tropical.<br>Departamento de Antropolog\u00eda, Universidad de los Andes.<\/p>\n\n\n\n<p class=\"has-text-align-center\">P\u00e1gina web: <br>Valeria Tafurt Orteg\u00f3n<br>Taller multimedia y transmedia. <br>Departamento de Narrativas Digitales, Universidad de los Andes.<\/p>\n","protected":false},"excerpt":{"rendered":"<p>Investigaci\u00f3n y documentaci\u00f3n:Ana R\u00edos CruzCatalina Santamar\u00eda SotoValeria Tafurt Orteg\u00f3nSeminario R\u00edos y selvas: etnograf\u00edas del paisaje tropical.Departamento de Antropolog\u00eda, Universidad de los Andes. P\u00e1gina web: Valeria&#8230;<\/p>\n<div class=\"more-link-wrapper\"><a class=\"more-link\" href=\"https:\/\/multimediaytransmedia.uniandes.edu.co\/valeria-tafurt\/creditos\/\">Seguir leyendo<span class=\"screen-reader-text\">Cr\u00e9ditos<\/span><\/a><\/div>\n","protected":false},"author":16,"featured_media":0,"parent":0,"menu_order":0,"comment_status":"closed","ping_status":"closed","template":"","meta":{"footnotes":""},"class_list":["post-608","page","type-page","status-publish","hentry","entry"],"_links":{"self":[{"href":"https:\/\/multimediaytransmedia.uniandes.edu.co\/valeria-tafurt\/wp-json\/wp\/v2\/pages\/608","targetHints":{"allow":["GET"]}}],"collection":[{"href":"https:\/\/multimediaytransmedia.uniandes.edu.co\/valeria-tafurt\/wp-json\/wp\/v2\/pages"}],"about":[{"href":"https:\/\/multimediaytransmedia.uniandes.edu.co\/valeria-tafurt\/wp-json\/wp\/v2\/types\/page"}],"author":[{"embeddable":true,"href":"https:\/\/multimediaytransmedia.uniandes.edu.co\/valeria-tafurt\/wp-json\/wp\/v2\/users\/16"}],"replies":[{"embeddable":true,"href":"https:\/\/multimediaytransmedia.uniandes.edu.co\/valeria-tafurt\/wp-json\/wp\/v2\/comments?post=608"}],"version-history":[{"count":10,"href":"https:\/\/multimediaytransmedia.uniandes.edu.co\/valeria-tafurt\/wp-json\/wp\/v2\/pages\/608\/revisions"}],"predecessor-version":[{"id":679,"href":"https:\/\/multimediaytransmedia.uniandes.edu.co\/valeria-tafurt\/wp-json\/wp\/v2\/pages\/608\/revisions\/679"}],"wp:attachment":[{"href":"https:\/\/multimediaytransmedia.uniandes.edu.co\/valeria-tafurt\/wp-json\/wp\/v2\/media?parent=608"}],"curies":[{"name":"wp","href":"https:\/\/api.w.org\/{rel}","templated":true}]}}