{"id":456,"date":"2021-12-08T15:23:51","date_gmt":"2021-12-08T20:23:51","guid":{"rendered":"https:\/\/multimediaytransmedia.uniandes.edu.co\/valeria-tafurt\/?page_id=456"},"modified":"2021-12-13T17:07:40","modified_gmt":"2021-12-13T22:07:40","slug":"conclusiones","status":"publish","type":"page","link":"https:\/\/multimediaytransmedia.uniandes.edu.co\/valeria-tafurt\/conclusiones\/","title":{"rendered":"Conclusiones"},"content":{"rendered":"\n<p class=\"has-small-font-size\">El turismo implica una mercantilizaci\u00f3n del espacio, entendido este \u00faltimo como el proceso mediante el cual<\/p>\n\n\n\n<blockquote class=\"wp-block-quote is-layout-flow wp-block-quote-is-layout-flow\"><p>&#8220;Se sustraen las relaciones sociales del lugar en t\u00e9rminos de experiencia hist\u00f3rica y social (de pertenencia, identidad, cotidianidad, vida material, o sentido sagrado, por ejemplo), para que un lugar y algunos de sus contenidos, pasen a convertirse \u201cen producto para ser incorporado como mercanc\u00eda al circuito del mercado cultural\u201d<\/p><cite>(L\u00f3pez &amp; Mar\u00edn, 2010).<\/cite><\/blockquote>\n\n\n\n<p class=\"has-small-font-size\">L\u00f3pez <meta charset=\"utf-8\">&amp; Mar\u00edn (2010) citan autores como Mowforth y Munt para mencionar que los procesos del turismo implican que los objetos, sentimientos y experiencias sean transformados en objetos est\u00e9ticos y experiencias de belleza y deseo. Estos objetos, que son im\u00e1genes, experiencias y lugares tur\u00edsticos, son representados por las nuevas modalidades del turismo en forma de \u2018bienes culturales\u2019 (<meta charset=\"utf-8\">L\u00f3pez <meta charset=\"utf-8\">&amp; Mar\u00edn, 2010, p. 226). Analizando esta propuesta, es posible ver c\u00f3mo los \u2018productos culturales\u2019 se estetizan en el proceso de mercantilizaci\u00f3n, as\u00ed como se fetichizan disoci\u00e1ndolos de las relaciones de su producci\u00f3n&nbsp; (L\u00f3pez <meta charset=\"utf-8\">&amp; Mar\u00edn, 2010, p. 227).<\/p>\n\n\n\n<div class=\"wp-block-image\"><figure class=\"aligncenter size-large is-resized\"><img loading=\"lazy\" decoding=\"async\" src=\"https:\/\/multimediaytransmedia.uniandes.edu.co\/valeria-tafurt\/wp-content\/uploads\/sites\/2\/2021\/12\/IMG_3389-edited-scaled.jpg\" alt=\"\" class=\"wp-image-631\" width=\"580\" height=\"773\" srcset=\"https:\/\/multimediaytransmedia.uniandes.edu.co\/valeria-tafurt\/wp-content\/uploads\/sites\/2\/2021\/12\/IMG_3389-edited-scaled.jpg 1920w, https:\/\/multimediaytransmedia.uniandes.edu.co\/valeria-tafurt\/wp-content\/uploads\/sites\/2\/2021\/12\/IMG_3389-edited-225x300.jpg 225w, https:\/\/multimediaytransmedia.uniandes.edu.co\/valeria-tafurt\/wp-content\/uploads\/sites\/2\/2021\/12\/IMG_3389-edited-768x1024.jpg 768w, https:\/\/multimediaytransmedia.uniandes.edu.co\/valeria-tafurt\/wp-content\/uploads\/sites\/2\/2021\/12\/IMG_3389-edited-1152x1536.jpg 1152w, https:\/\/multimediaytransmedia.uniandes.edu.co\/valeria-tafurt\/wp-content\/uploads\/sites\/2\/2021\/12\/IMG_3389-edited-1536x2048.jpg 1536w\" sizes=\"auto, (max-width: 580px) 100vw, 580px\" \/><figcaption>Figuras de un Jeep Willys, un caficultor y un bulto de fique en el Aeropuerto Internacional Mateca\u00f1a en Pereira, Risaralda. (Tafurt, 2021).<\/figcaption><\/figure><\/div>\n\n\n\n<p class=\"has-small-font-size\">La visi\u00f3n y participaci\u00f3n de actores externos es imperante en los procesos de estetizaci\u00f3n, fetichizaci\u00f3n y posteriormente, exotizaci\u00f3n de las pr\u00e1cticas de ciertos grupos para actividades tur\u00edsticas. L\u00f3pez <meta charset=\"utf-8\">&amp; Mar\u00edn argumentan que la visi\u00f3n del turista permite que las pr\u00e1cticas, significados y acciones cotidianas de un grupo se \u2018exoticen\u2019 desde una perspectiva rom\u00e1ntica y colonialista (2010, p. 248). En el caso del Eje Cafetero se ven estos procesos a trav\u00e9s de los paquetes ofertados, en los que no s\u00f3lo se incluye un alojamiento rural, sino que tambi\u00e9n se proporciona contacto con la belleza del paisaje y la simplicidad de la vida campesina (Arias &amp; Bol\u00edvar, 2006). Como lo presentan Arias <meta charset=\"utf-8\">&amp; Bol\u00edvar, el \u2018producto cultural\u2019 es la identidad y trabajo cafetero que se domina como \u2018lo tradicional\u2019. Por esta raz\u00f3n, actividades cotidianas como la recolecci\u00f3n del caf\u00e9 o la orde\u00f1ada, son exaltadas y desprovistas de su antigua morada material para ser expuestas para el disfrute del turista (2006, p. 106).<\/p>\n\n\n\n<div class=\"wp-block-columns is-layout-flex wp-container-core-columns-is-layout-9d6595d7 wp-block-columns-is-layout-flex\">\n<div class=\"wp-block-column is-layout-flow wp-block-column-is-layout-flow\" style=\"flex-basis:33.33%\">\n<p class=\"has-small-font-size\"><br><br>Es posible ver c\u00f3mo, en los procesos de mercantilizaci\u00f3n del paisaje cafetero no solo se ve como ex\u00f3tico el espacio mismo, sino tambi\u00e9n la imagen y labor cotidiana del campesino, pues ya como lo presentaban los autores mencionados, se construye una imagen \u201cbuc\u00f3lica\u201d que resalta una vida armoniosa y tranquila. <br><\/p>\n<\/div>\n\n\n\n<div class=\"wp-block-column is-layout-flow wp-block-column-is-layout-flow\" style=\"flex-basis:66.66%\">\n<figure class=\"wp-block-image size-large is-resized\"><img loading=\"lazy\" decoding=\"async\" src=\"https:\/\/multimediaytransmedia.uniandes.edu.co\/valeria-tafurt\/wp-content\/uploads\/sites\/2\/2021\/12\/Disen\u0303o-sin-ti\u0301tulo-1-1024x576.png\" alt=\"\" class=\"wp-image-621\" width=\"544\" height=\"306\" srcset=\"https:\/\/multimediaytransmedia.uniandes.edu.co\/valeria-tafurt\/wp-content\/uploads\/sites\/2\/2021\/12\/Disen\u0303o-sin-ti\u0301tulo-1-1024x576.png 1024w, https:\/\/multimediaytransmedia.uniandes.edu.co\/valeria-tafurt\/wp-content\/uploads\/sites\/2\/2021\/12\/Disen\u0303o-sin-ti\u0301tulo-1-300x169.png 300w, https:\/\/multimediaytransmedia.uniandes.edu.co\/valeria-tafurt\/wp-content\/uploads\/sites\/2\/2021\/12\/Disen\u0303o-sin-ti\u0301tulo-1-768x432.png 768w, https:\/\/multimediaytransmedia.uniandes.edu.co\/valeria-tafurt\/wp-content\/uploads\/sites\/2\/2021\/12\/Disen\u0303o-sin-ti\u0301tulo-1-1536x864.png 1536w, https:\/\/multimediaytransmedia.uniandes.edu.co\/valeria-tafurt\/wp-content\/uploads\/sites\/2\/2021\/12\/Disen\u0303o-sin-ti\u0301tulo-1.png 1920w\" sizes=\"auto, (max-width: 544px) 100vw, 544px\" \/><\/figure>\n<\/div>\n<\/div>\n\n\n\n<blockquote class=\"wp-block-quote is-layout-flow wp-block-quote-is-layout-flow\"><p>\u201cLos campesinos no sufren de ning\u00fan inconveniente, ellos viven una vida simple, pero llena de felicidad. Su cotidianidad no se aleja de los placeres del contacto con la naturaleza, los animales, ni del descanso a que incita el paisaje\u201d <\/p><cite>(Arias &amp; Bol\u00edvar, 2006, p. 102).<\/cite><\/blockquote>\n\n\n\n<div class=\"wp-block-buttons is-content-justification-center is-layout-flex wp-block-buttons-is-layout-flex\">\n<div class=\"wp-block-button\"><a class=\"wp-block-button__link\" href=\"https:\/\/multimediaytransmedia.uniandes.edu.co\/valeria-tafurt\/referencias\/\">Referencias<\/a><\/div>\n<\/div>\n\n\n\n<p><\/p>\n","protected":false},"excerpt":{"rendered":"<p>El turismo implica una mercantilizaci\u00f3n del espacio, entendido este \u00faltimo como el proceso mediante el cual &#8220;Se sustraen las relaciones sociales del lugar en t\u00e9rminos&#8230;<\/p>\n<div class=\"more-link-wrapper\"><a class=\"more-link\" href=\"https:\/\/multimediaytransmedia.uniandes.edu.co\/valeria-tafurt\/conclusiones\/\">Seguir leyendo<span class=\"screen-reader-text\">Conclusiones<\/span><\/a><\/div>\n","protected":false},"author":16,"featured_media":0,"parent":0,"menu_order":0,"comment_status":"closed","ping_status":"closed","template":"","meta":{"footnotes":""},"class_list":["post-456","page","type-page","status-publish","hentry","entry"],"_links":{"self":[{"href":"https:\/\/multimediaytransmedia.uniandes.edu.co\/valeria-tafurt\/wp-json\/wp\/v2\/pages\/456","targetHints":{"allow":["GET"]}}],"collection":[{"href":"https:\/\/multimediaytransmedia.uniandes.edu.co\/valeria-tafurt\/wp-json\/wp\/v2\/pages"}],"about":[{"href":"https:\/\/multimediaytransmedia.uniandes.edu.co\/valeria-tafurt\/wp-json\/wp\/v2\/types\/page"}],"author":[{"embeddable":true,"href":"https:\/\/multimediaytransmedia.uniandes.edu.co\/valeria-tafurt\/wp-json\/wp\/v2\/users\/16"}],"replies":[{"embeddable":true,"href":"https:\/\/multimediaytransmedia.uniandes.edu.co\/valeria-tafurt\/wp-json\/wp\/v2\/comments?post=456"}],"version-history":[{"count":17,"href":"https:\/\/multimediaytransmedia.uniandes.edu.co\/valeria-tafurt\/wp-json\/wp\/v2\/pages\/456\/revisions"}],"predecessor-version":[{"id":658,"href":"https:\/\/multimediaytransmedia.uniandes.edu.co\/valeria-tafurt\/wp-json\/wp\/v2\/pages\/456\/revisions\/658"}],"wp:attachment":[{"href":"https:\/\/multimediaytransmedia.uniandes.edu.co\/valeria-tafurt\/wp-json\/wp\/v2\/media?parent=456"}],"curies":[{"name":"wp","href":"https:\/\/api.w.org\/{rel}","templated":true}]}}