{"id":37,"date":"2021-10-20T23:44:21","date_gmt":"2021-10-21T04:44:21","guid":{"rendered":"https:\/\/multimediaytransmedia.uniandes.edu.co\/valeria-tafurt\/?page_id=37"},"modified":"2021-12-13T16:29:54","modified_gmt":"2021-12-13T21:29:54","slug":"generalidades-geograficas","status":"publish","type":"page","link":"https:\/\/multimediaytransmedia.uniandes.edu.co\/valeria-tafurt\/generalidades-geograficas\/","title":{"rendered":"Generalidades geogr\u00e1ficas"},"content":{"rendered":"\n<p class=\"has-small-font-size\">El Paisaje Cultural Cafetero (PCC) se desarrolla en ciertas zonas de producci\u00f3n de caf\u00e9 de las estribaciones de las cordilleras Occidental y Central de Colombia, sistemas monta\u00f1osos que pertenecen a la cordillera de los Andes (Federaci\u00f3n Nacional de Cafeteros, 2010).<\/p>\n\n\n\n<div class=\"wp-block-columns is-layout-flex wp-container-core-columns-is-layout-9d6595d7 wp-block-columns-is-layout-flex\">\n<div class=\"wp-block-column is-layout-flow wp-block-column-is-layout-flow\" style=\"flex-basis:33.33%\">\n<div class=\"wp-block-image\"><figure class=\"aligncenter size-full is-resized\"><img loading=\"lazy\" decoding=\"async\" src=\"https:\/\/multimediaytransmedia.uniandes.edu.co\/valeria-tafurt\/wp-content\/uploads\/sites\/2\/2021\/12\/mapaa.png\" alt=\"\" class=\"wp-image-586\" width=\"208\" height=\"276\" srcset=\"https:\/\/multimediaytransmedia.uniandes.edu.co\/valeria-tafurt\/wp-content\/uploads\/sites\/2\/2021\/12\/mapaa.png 238w, https:\/\/multimediaytransmedia.uniandes.edu.co\/valeria-tafurt\/wp-content\/uploads\/sites\/2\/2021\/12\/mapaa-226x300.png 226w\" sizes=\"auto, (max-width: 208px) 100vw, 208px\" \/><\/figure><\/div>\n<\/div>\n\n\n\n<div class=\"wp-block-column is-layout-flow wp-block-column-is-layout-flow\" style=\"flex-basis:66.66%\">\n<div class=\"wp-block-image\"><figure class=\"aligncenter size-large is-resized\"><img loading=\"lazy\" decoding=\"async\" src=\"https:\/\/multimediaytransmedia.uniandes.edu.co\/valeria-tafurt\/wp-content\/uploads\/sites\/2\/2021\/11\/mapapcc-4-1024x1024.png\" alt=\"\" class=\"wp-image-307\" width=\"381\" height=\"381\" srcset=\"https:\/\/multimediaytransmedia.uniandes.edu.co\/valeria-tafurt\/wp-content\/uploads\/sites\/2\/2021\/11\/mapapcc-4-1024x1024.png 1024w, https:\/\/multimediaytransmedia.uniandes.edu.co\/valeria-tafurt\/wp-content\/uploads\/sites\/2\/2021\/11\/mapapcc-4-300x300.png 300w, https:\/\/multimediaytransmedia.uniandes.edu.co\/valeria-tafurt\/wp-content\/uploads\/sites\/2\/2021\/11\/mapapcc-4-150x150.png 150w, https:\/\/multimediaytransmedia.uniandes.edu.co\/valeria-tafurt\/wp-content\/uploads\/sites\/2\/2021\/11\/mapapcc-4-768x768.png 768w, https:\/\/multimediaytransmedia.uniandes.edu.co\/valeria-tafurt\/wp-content\/uploads\/sites\/2\/2021\/11\/mapapcc-4-1536x1536.png 1536w, https:\/\/multimediaytransmedia.uniandes.edu.co\/valeria-tafurt\/wp-content\/uploads\/sites\/2\/2021\/11\/mapapcc-4-1568x1568.png 1568w, https:\/\/multimediaytransmedia.uniandes.edu.co\/valeria-tafurt\/wp-content\/uploads\/sites\/2\/2021\/11\/mapapcc-4.png 1920w\" sizes=\"auto, (max-width: 381px) 100vw, 381px\" \/><figcaption>(Jyon, 2011).<\/figcaption><\/figure><\/div>\n<\/div>\n<\/div>\n\n\n\n<div class=\"wp-block-image\"><figure class=\"aligncenter size-large\"><img loading=\"lazy\" decoding=\"async\" width=\"768\" height=\"1024\" src=\"https:\/\/multimediaytransmedia.uniandes.edu.co\/valeria-tafurt\/wp-content\/uploads\/sites\/2\/2021\/11\/vistaaerea-scaled-e1637852838396-768x1024.jpg\" alt=\"\" class=\"wp-image-298\" srcset=\"https:\/\/multimediaytransmedia.uniandes.edu.co\/valeria-tafurt\/wp-content\/uploads\/sites\/2\/2021\/11\/vistaaerea-scaled-e1637852838396-768x1024.jpg 768w, https:\/\/multimediaytransmedia.uniandes.edu.co\/valeria-tafurt\/wp-content\/uploads\/sites\/2\/2021\/11\/vistaaerea-scaled-e1637852838396-225x300.jpg 225w, https:\/\/multimediaytransmedia.uniandes.edu.co\/valeria-tafurt\/wp-content\/uploads\/sites\/2\/2021\/11\/vistaaerea-scaled-e1637852838396-1152x1536.jpg 1152w, https:\/\/multimediaytransmedia.uniandes.edu.co\/valeria-tafurt\/wp-content\/uploads\/sites\/2\/2021\/11\/vistaaerea-scaled-e1637852838396-1536x2048.jpg 1536w, https:\/\/multimediaytransmedia.uniandes.edu.co\/valeria-tafurt\/wp-content\/uploads\/sites\/2\/2021\/11\/vistaaerea-scaled-e1637852838396-1568x2091.jpg 1568w, https:\/\/multimediaytransmedia.uniandes.edu.co\/valeria-tafurt\/wp-content\/uploads\/sites\/2\/2021\/11\/vistaaerea-scaled-e1637852838396.jpg 1920w\" sizes=\"auto, (max-width: 768px) 100vw, 768px\" \/><figcaption>(Tafurt, 2021).<\/figcaption><\/figure><\/div>\n\n\n\n<p class=\"has-small-font-size\">La cordillera de los Andes resulta ser una regi\u00f3n fundamental para los asentamientos humanos del pa\u00eds, habitada por el 75% de la poblaci\u00f3n, as\u00ed como para el desarrollo y mantenimiento econ\u00f3mico y cultural, siendo los suelos de la zona altamente aprovechados para la industria agropecuaria (Castro, s.f.).<\/p>\n\n\n\n<p class=\"has-small-font-size\">Es posible sugerir que lo anterior se encuentra estrechamente ligado a las caracter\u00edsticas de los suelos y ecosistemas de los andes colombianos, en especial aquellos ubicados en altitudes bajas y medias, donde las condiciones ambientales, junto con las propiedades del suelo, resultan ser \u00f3ptimas para el establecimiento de cultivos de diferentes especies vegetales, as\u00ed como para la cr\u00eda de ganado. Entre estos cultivos vegetales se encuentran varios de gran importancia econ\u00f3mica y alimentaria para el pa\u00eds, como lo son la papa, el cacao y el caf\u00e9.&nbsp;<\/p>\n\n\n\n<div class=\"wp-block-image\"><figure class=\"aligncenter size-full\"><img loading=\"lazy\" decoding=\"async\" width=\"750\" height=\"562\" src=\"https:\/\/multimediaytransmedia.uniandes.edu.co\/valeria-tafurt\/wp-content\/uploads\/sites\/2\/2021\/12\/cafeearbol.jpeg\" alt=\"\" class=\"wp-image-603\" srcset=\"https:\/\/multimediaytransmedia.uniandes.edu.co\/valeria-tafurt\/wp-content\/uploads\/sites\/2\/2021\/12\/cafeearbol.jpeg 750w, https:\/\/multimediaytransmedia.uniandes.edu.co\/valeria-tafurt\/wp-content\/uploads\/sites\/2\/2021\/12\/cafeearbol-300x225.jpeg 300w\" sizes=\"auto, (max-width: 750px) 100vw, 750px\" \/><figcaption>(Netafim, s.f.).<\/figcaption><\/figure><\/div>\n\n\n\n<p class=\"has-small-font-size\">La productividad de estas zonas resulta ser bastante alta, no s\u00f3lo para cultivos vegetales de explotaci\u00f3n agr\u00edcola, sino tambi\u00e9n para los ecosistemas nativos de la zona. (Janzen et al., 1976) Junto a otras caracter\u00edsticas, principalmente aquellas relacionadas con el cambio de altitud y la pendiente generada por el mismo, resultan en que se trate de \u00e1reas con gran diversidad de ecosistemas, una alta biodiversidad y altos niveles de endemismos, lo que hace que se trate de una zona de gran inter\u00e9s para el estudio y la conservaci\u00f3n de procesos biol\u00f3gicos y de las especies que hacen parte de los mismos (Etter, 2008; Haller et al., 2011).<\/p>\n\n\n\n<p class=\"has-small-font-size\">Las caracter\u00edsticas incluyen un paisaje relativamente heterog\u00e9neo en t\u00e9rminos de relieve, donde ocurren laderas, ca\u00f1ones, llanuras y mesetas. La hidrolog\u00eda y los suelos de origen volc\u00e1nico permiten que exista gran disponibilidad de agua y alta calidad de suelos, como sucede en gran parte de la cordillera. Esto resulta importante al momento de estudiar las din\u00e1micas de producci\u00f3n del caf\u00e9 en Colombia, las cuales se han basado hist\u00f3ricamente en la unidad productora de la familia campesina, donde es posible que se de una importante producci\u00f3n en propiedades peque\u00f1as, con pocos recursos econ\u00f3micos. siempre y cuando existan ventajas que se podr\u00edan denominar \u201cnaturales\u201d como las comentadas (Etter et al., 2008; Castro, s.f.; Palacios, 2008).<\/p>\n\n\n\n<p class=\"has-small-font-size\">La unidad geogr\u00e1fica sobre la cual se delimit\u00f3 el PCC es la vereda, la m\u00ednima divisi\u00f3n territorial de Colombia. Esta corresponde a un grupo de predios rurales, noci\u00f3n que se asemeja a la de \u201cbarrio\u201d o \u201ccolonia\u201d en el sector urbano. As\u00ed, el PCC est\u00e1 conformado por un grupo de veredas rurales y cabeceras municipales (o cascos urbanos) que son representativas de los valores que le dan singularidad a esta regi\u00f3n <meta charset=\"utf-8\">(Federaci\u00f3n Nacional de Cafeteros, 2010).<\/p>\n\n\n\n<p class=\"has-small-font-size\">El PCC incluye en su zona principal \u00e1reas de 47 municipios localizados en cuatro departamentos del pa\u00eds:<\/p>\n\n\n\n<p class=\"has-small-font-size\"><br><strong>\u2022 Departamento de Caldas:<\/strong> incluye \u00e1reas rurales de los municipios de Aguadas, Anserma, Aranzazu, Belalc\u00e1zar, Chinchin\u00e1, Filadelfia, La Merced, Manizales, Neira, P\u00e1cora, Palestina, Riosucio, Risaralda, Salamina, San Jos\u00e9, Sup\u00eda y Villamar\u00eda, y ciertas zonas de los cascos urbanos de los municipios de Aguadas y Salamina.<\/p>\n\n\n\n<div class=\"wp-block-columns is-layout-flex wp-container-core-columns-is-layout-9d6595d7 wp-block-columns-is-layout-flex\">\n<div class=\"wp-block-column is-layout-flow wp-block-column-is-layout-flow\">\n<iframe src=\"https:\/\/www.google.com\/maps\/embed?pb=!4v1637862781426!6m8!1m7!1sCLuTxdjz8uzoLN9rDG2WoA!2m2!1d5.167162214804922!2d-75.52067006403152!3f278.62335220453105!4f10.375134449657011!5f0.6104572512925743\" width=\"800\" height=\"600\" style=\"border:0;\" allowfullscreen=\"\" loading=\"lazy\"><\/iframe>\n<\/div>\n<\/div>\n\n\n\n<p class=\"has-small-font-size\"><br>\u2022<strong> Departamento de Quind\u00edo:<\/strong> incluye \u00e1reas rurales de los municipios de Armenia, Buenavista, Calarc\u00e1, Circasia, C\u00f3rdoba, Filandia, G\u00e9nova, Montenegro, Pijao, Quimbaya y Salento.<\/p>\n\n\n\n<div class=\"wp-block-columns is-layout-flex wp-container-core-columns-is-layout-9d6595d7 wp-block-columns-is-layout-flex\">\n<div class=\"wp-block-column is-layout-flow wp-block-column-is-layout-flow\">\n<iframe src=\"https:\/\/www.google.com\/maps\/embed?pb=!4v1637862538946!6m8!1m7!1shWQjDes6PPBMVJeXcl8Cvw!2m2!1d4.637587595892912!2d-75.56975610670074!3f152.81!4f10.430000000000007!5f0.7820865974627469\" width=\"800\" height=\"600\" style=\"border:0;\" allowfullscreen=\"\" loading=\"lazy\"><\/iframe>\n<\/div>\n<\/div>\n\n\n\n<p class=\"has-small-font-size\"><br>\u2022<strong> Departamento de Risaralda:<\/strong> incluye \u00e1reas rurales de los municipios de Ap\u00eda, Balboa, Bel\u00e9n de Umbr\u00eda, Gu\u00e1tica, La Celia, Marsella, Pereira, Quinch\u00eda, Santa Rosa de Cabal y Santuario.<\/p>\n\n\n\n<div class=\"wp-block-columns is-layout-flex wp-container-core-columns-is-layout-9d6595d7 wp-block-columns-is-layout-flex\">\n<div class=\"wp-block-column is-layout-flow wp-block-column-is-layout-flow\">\n<iframe src=\"https:\/\/www.google.com\/maps\/embed?pb=!4v1637862894588!6m8!1m7!1sxv7fk3R-Yd47go9gpXq-rQ!2m2!1d5.20071167326603!2d-75.86882995314572!3f267.0397617334614!4f-8.79438655844919!5f0.7820865974627469\" width=\"800\" height=\"600\" style=\"border:0;\" allowfullscreen=\"\" loading=\"lazy\"><\/iframe>\n<\/div>\n<\/div>\n\n\n\n<p class=\"has-small-font-size\"><br><strong>\u2022 Departamento de Valle del Cauca:<\/strong> incluye \u00e1reas rurales de los municipios de Alcal\u00e1, Ansermanuevo, Caicedonia, El \u00c1guila, El Cairo, Riofr\u00edo, Sevilla, Trujillo y Ulloa y ciertas zonas urbanas del municipio de El Cairo.<\/p>\n\n\n\n<div class=\"wp-block-columns is-layout-flex wp-container-core-columns-is-layout-9d6595d7 wp-block-columns-is-layout-flex\">\n<div class=\"wp-block-column is-layout-flow wp-block-column-is-layout-flow\">\n<iframe src=\"https:\/\/www.google.com\/maps\/embed?pb=!4v1637863181679!6m8!1m7!1sA5kHx7OPV4SzstKAbxarBw!2m2!1d4.762124206562956!2d-76.22105117842713!3f304.159281069908!4f4.582434894735698!5f0.7820865974627469\" width=\"800\" height=\"600\" style=\"border:0;\" allowfullscreen=\"\" loading=\"lazy\"><\/iframe>\n<\/div>\n<\/div>\n\n\n\n<p class=\"has-small-font-size\"><br>En la zona de amortiguamiento se encuentran adem\u00e1s \u00e1reas de los siguientes municipios: Viterbo (en Caldas), Dosquebradas y Mistrat\u00f3 (en Risaralda) y Argelia (en Valle del Cauca).<\/p>\n\n\n\n<div class=\"wp-block-columns is-layout-flex wp-container-core-columns-is-layout-9d6595d7 wp-block-columns-is-layout-flex\">\n<div class=\"wp-block-column is-layout-flow wp-block-column-is-layout-flow\">\n<iframe src=\"https:\/\/www.google.com\/maps\/embed?pb=!4v1637863285588!6m8!1m7!1sZtYIovvdgvyuftLSGb210A!2m2!1d4.728876924404183!2d-76.12035188863183!3f187.80114448195482!4f-4.409018019799888!5f0.7820865974627469\" width=\"800\" height=\"600\" style=\"border:0;\" allowfullscreen=\"\" loading=\"lazy\"><\/iframe>\n<\/div>\n<\/div>\n\n\n\n<p><br><\/p>\n\n\n\n<div class=\"wp-block-buttons is-content-justification-center is-layout-flex wp-block-buttons-is-layout-flex\">\n<div class=\"wp-block-button\"><a class=\"wp-block-button__link\" href=\"https:\/\/multimediaytransmedia.uniandes.edu.co\/valeria-tafurt\/el-paisaje-de-la-mercancia\/\">Consolidaci\u00f3n del paisaje<\/a><\/div>\n<\/div>\n","protected":false},"excerpt":{"rendered":"<p>El Paisaje Cultural Cafetero (PCC) se desarrolla en ciertas zonas de producci\u00f3n de caf\u00e9 de las estribaciones de las cordilleras Occidental y Central de Colombia,&#8230;<\/p>\n<div class=\"more-link-wrapper\"><a class=\"more-link\" href=\"https:\/\/multimediaytransmedia.uniandes.edu.co\/valeria-tafurt\/generalidades-geograficas\/\">Seguir leyendo<span class=\"screen-reader-text\">Generalidades geogr\u00e1ficas<\/span><\/a><\/div>\n","protected":false},"author":2,"featured_media":0,"parent":0,"menu_order":0,"comment_status":"open","ping_status":"closed","template":"","meta":{"footnotes":""},"class_list":["post-37","page","type-page","status-publish","hentry","entry"],"_links":{"self":[{"href":"https:\/\/multimediaytransmedia.uniandes.edu.co\/valeria-tafurt\/wp-json\/wp\/v2\/pages\/37","targetHints":{"allow":["GET"]}}],"collection":[{"href":"https:\/\/multimediaytransmedia.uniandes.edu.co\/valeria-tafurt\/wp-json\/wp\/v2\/pages"}],"about":[{"href":"https:\/\/multimediaytransmedia.uniandes.edu.co\/valeria-tafurt\/wp-json\/wp\/v2\/types\/page"}],"author":[{"embeddable":true,"href":"https:\/\/multimediaytransmedia.uniandes.edu.co\/valeria-tafurt\/wp-json\/wp\/v2\/users\/2"}],"replies":[{"embeddable":true,"href":"https:\/\/multimediaytransmedia.uniandes.edu.co\/valeria-tafurt\/wp-json\/wp\/v2\/comments?post=37"}],"version-history":[{"count":43,"href":"https:\/\/multimediaytransmedia.uniandes.edu.co\/valeria-tafurt\/wp-json\/wp\/v2\/pages\/37\/revisions"}],"predecessor-version":[{"id":644,"href":"https:\/\/multimediaytransmedia.uniandes.edu.co\/valeria-tafurt\/wp-json\/wp\/v2\/pages\/37\/revisions\/644"}],"wp:attachment":[{"href":"https:\/\/multimediaytransmedia.uniandes.edu.co\/valeria-tafurt\/wp-json\/wp\/v2\/media?parent=37"}],"curies":[{"name":"wp","href":"https:\/\/api.w.org\/{rel}","templated":true}]}}