{"id":34,"date":"2021-10-20T23:41:05","date_gmt":"2021-10-21T04:41:05","guid":{"rendered":"https:\/\/multimediaytransmedia.uniandes.edu.co\/valeria-tafurt\/?page_id=34"},"modified":"2021-12-13T16:26:58","modified_gmt":"2021-12-13T21:26:58","slug":"sobre-el-cafe","status":"publish","type":"page","link":"https:\/\/multimediaytransmedia.uniandes.edu.co\/valeria-tafurt\/sobre-el-cafe\/","title":{"rendered":"Sobre el caf\u00e9"},"content":{"rendered":"\n<div class=\"wp-block-columns is-layout-flex wp-container-core-columns-is-layout-9d6595d7 wp-block-columns-is-layout-flex\">\n<div class=\"wp-block-column is-layout-flow wp-block-column-is-layout-flow\" style=\"flex-basis:33.33%\">\n<blockquote class=\"wp-block-quote is-style-default is-layout-flow wp-block-quote-is-layout-flow\"><p>El caf\u00e9 es un arbusto originario del sotobosque en las zonas selv\u00e1ticas del \u00c1frica oriental<\/p><cite>(Guhl, 2008).<\/cite><\/blockquote>\n<\/div>\n\n\n\n<div class=\"wp-block-column is-layout-flow wp-block-column-is-layout-flow\" style=\"flex-basis:66.66%\">\n<div class=\"wp-block-image\"><figure class=\"alignright size-large is-resized\"><img loading=\"lazy\" decoding=\"async\" src=\"https:\/\/multimediaytransmedia.uniandes.edu.co\/valeria-tafurt\/wp-content\/uploads\/sites\/2\/2021\/10\/COFFEE-706x1024.jpeg\" alt=\"\" class=\"wp-image-58\" width=\"270\" height=\"391\" srcset=\"https:\/\/multimediaytransmedia.uniandes.edu.co\/valeria-tafurt\/wp-content\/uploads\/sites\/2\/2021\/10\/COFFEE-706x1024.jpeg 706w, https:\/\/multimediaytransmedia.uniandes.edu.co\/valeria-tafurt\/wp-content\/uploads\/sites\/2\/2021\/10\/COFFEE-207x300.jpeg 207w, https:\/\/multimediaytransmedia.uniandes.edu.co\/valeria-tafurt\/wp-content\/uploads\/sites\/2\/2021\/10\/COFFEE-768x1114.jpeg 768w, https:\/\/multimediaytransmedia.uniandes.edu.co\/valeria-tafurt\/wp-content\/uploads\/sites\/2\/2021\/10\/COFFEE.jpeg 942w\" sizes=\"auto, (max-width: 270px) 100vw, 270px\" \/><\/figure><\/div>\n<\/div>\n<\/div>\n\n\n\n<div class=\"wp-block-columns is-layout-flex wp-container-core-columns-is-layout-9d6595d7 wp-block-columns-is-layout-flex\"><\/div>\n\n\n\n<ul class=\"has-small-font-size wp-block-list\"><li><span style=\"font-family: var(--list--font-family);background-color: var(--global--color-background);color: var(--global--color-primary);font-size: var(--global--font-size-base)\">Los suelos de bosque h\u00famedo tropical son \u00f3ptimos para su cultivo: se da bien en lugares donde se tal\u00f3 el bosque y se reemplaz\u00f3 por parcelas de caf\u00e9.<\/span><\/li><li>Rango de temperatura ideal para el cultivo de Ar\u00e1bica: entre los 17\u00b0 y 25\u00b0C, con una temperatura media de 20\u00b0C.<\/li><li>Rango ideal del Robusta est\u00e1: entre 24\u00b0 y 30\u00b0C.<\/li><\/ul>\n\n\n\n<p class=\"has-black-color has-text-color has-large-font-size\"><strong>M\u00e9todos de siembra del caf\u00e9<\/strong><\/p>\n\n\n\n<p class=\"has-small-font-size\">Si bien en la pr\u00e1ctica existe un espectro de m\u00e9todos de siembra de caf\u00e9, se puede resumir en dos principales: Intensivo y Tradicional.<\/p>\n\n\n\n<figure class=\"wp-block-table aligncenter is-style-stripes\"><table><tbody><tr><td class=\"has-text-align-left\" data-align=\"left\"><meta charset=\"utf-8\"><strong>Sistema tradicional<\/strong><\/td><td class=\"has-text-align-left\" data-align=\"left\"><meta charset=\"utf-8\"><strong>Sistema intensivo<\/strong><\/td><\/tr><tr><td class=\"has-text-align-left\" data-align=\"left\"><meta charset=\"utf-8\"><meta charset=\"utf-8\">Los cafetos se siembran bajo \u00e1rboles de sombr\u00edo.<br>Baja densidad de siembra (&lt;2500 cafetos\/hect\u00e1rea).<br>Variedades tradicionales (altas).<br>Uso bajo de insumos.<br>Requiere condiciones agroecol\u00f3gicas menos estrictas.<br>Ciclo de vida largo de la parcela de caf\u00e9 (&gt;10 a\u00f1os).<\/td><td class=\"has-text-align-left\" data-align=\"left\"><meta charset=\"utf-8\"><meta charset=\"utf-8\">Los cafetos se siembran con poca sombra, o sin ella.<br>Alta densidad de siembra (hasta 10000 cafetos\/hect\u00e1rea).<br>Variedades de porte bajo.<br>Uso considerable de insumos.<br>Requiere condiciones agroecol\u00f3gicas m\u00e1s estrictas.<br>Ciclo de vida corto de la parcela de caf\u00e9 (<meta charset=\"utf-8\">&lt;7 a\u00f1os).<\/td><\/tr><\/tbody><\/table><\/figure>\n\n\n\n<p class=\"has-small-font-size\">*Arrastre hacia los lados la flecha ubicada en medio de la imagen para hacer una comparaci\u00f3n entre el sistema tradicional y el sistema intensivo de siembra de caf\u00e9.<\/p>\n\n\n\n<div class=\"wp-block-columns is-layout-flex wp-container-core-columns-is-layout-9d6595d7 wp-block-columns-is-layout-flex\">\n<div class=\"wp-block-column is-layout-flow wp-block-column-is-layout-flow\">\n<iframe loading=\"lazy\" frameborder=\"0\" class=\"juxtapose\" width=\"100%\" height=\"703\" src=\"https:\/\/cdn.knightlab.com\/libs\/juxtapose\/latest\/embed\/index.html?uid=5f90f992-4db1-11ec-abb7-b9a7ff2ee17c\"><\/iframe>\n<\/div>\n<\/div>\n\n\n\n<p class=\"has-black-color has-text-color has-large-font-size\"><strong>\u00bfEl caf\u00e9 cu\u00e1ndo y c\u00f3mo lleg\u00f3 a Colombia? \u00bfC\u00f3mo se difundi\u00f3 a lo largo del pa\u00eds?<\/strong><\/p>\n\n\n\n<p class=\"has-small-font-size\">*Explore el mapa interactivo.<\/p>\n\n\n\n<iframe loading=\"lazy\" src=\"https:\/\/uploads.knightlab.com\/storymapjs\/a01e78e4bf41995c66638b93f160039f\/difusion-del-cultivo-de-cafe-en-colombia\/draft.html\" frameborder=\"0\" width=\"100%\" height=\"800\"><\/iframe>\n\n\n\n<div class=\"wp-block-buttons is-content-justification-center is-layout-flex wp-block-buttons-is-layout-flex\">\n<div class=\"wp-block-button\"><a class=\"wp-block-button__link\" href=\"https:\/\/multimediaytransmedia.uniandes.edu.co\/valeria-tafurt\/generalidades-geograficas\/\">Generalidades geogr\u00e1ficas<\/a><\/div>\n<\/div>\n","protected":false},"excerpt":{"rendered":"<p>El caf\u00e9 es un arbusto originario del sotobosque en las zonas selv\u00e1ticas del \u00c1frica oriental (Guhl, 2008). Los suelos de bosque h\u00famedo tropical son \u00f3ptimos&#8230;<\/p>\n<div class=\"more-link-wrapper\"><a class=\"more-link\" href=\"https:\/\/multimediaytransmedia.uniandes.edu.co\/valeria-tafurt\/sobre-el-cafe\/\">Seguir leyendo<span class=\"screen-reader-text\">Sobre el caf\u00e9<\/span><\/a><\/div>\n","protected":false},"author":2,"featured_media":0,"parent":0,"menu_order":0,"comment_status":"closed","ping_status":"closed","template":"","meta":{"footnotes":""},"class_list":["post-34","page","type-page","status-publish","hentry","entry"],"_links":{"self":[{"href":"https:\/\/multimediaytransmedia.uniandes.edu.co\/valeria-tafurt\/wp-json\/wp\/v2\/pages\/34","targetHints":{"allow":["GET"]}}],"collection":[{"href":"https:\/\/multimediaytransmedia.uniandes.edu.co\/valeria-tafurt\/wp-json\/wp\/v2\/pages"}],"about":[{"href":"https:\/\/multimediaytransmedia.uniandes.edu.co\/valeria-tafurt\/wp-json\/wp\/v2\/types\/page"}],"author":[{"embeddable":true,"href":"https:\/\/multimediaytransmedia.uniandes.edu.co\/valeria-tafurt\/wp-json\/wp\/v2\/users\/2"}],"replies":[{"embeddable":true,"href":"https:\/\/multimediaytransmedia.uniandes.edu.co\/valeria-tafurt\/wp-json\/wp\/v2\/comments?post=34"}],"version-history":[{"count":55,"href":"https:\/\/multimediaytransmedia.uniandes.edu.co\/valeria-tafurt\/wp-json\/wp\/v2\/pages\/34\/revisions"}],"predecessor-version":[{"id":640,"href":"https:\/\/multimediaytransmedia.uniandes.edu.co\/valeria-tafurt\/wp-json\/wp\/v2\/pages\/34\/revisions\/640"}],"wp:attachment":[{"href":"https:\/\/multimediaytransmedia.uniandes.edu.co\/valeria-tafurt\/wp-json\/wp\/v2\/media?parent=34"}],"curies":[{"name":"wp","href":"https:\/\/api.w.org\/{rel}","templated":true}]}}