{"id":2,"date":"2021-10-14T11:03:19","date_gmt":"2021-10-14T16:03:19","guid":{"rendered":"https:\/\/multimediaytransmedia.uniandes.edu.co\/valeria-tafurt\/?page_id=2"},"modified":"2021-12-13T17:17:31","modified_gmt":"2021-12-13T22:17:31","slug":"pagina-ejemplo","status":"publish","type":"page","link":"https:\/\/multimediaytransmedia.uniandes.edu.co\/valeria-tafurt\/","title":{"rendered":""},"content":{"rendered":"<h1 class=\"wp-block-site-title\"><a href=\"https:\/\/multimediaytransmedia.uniandes.edu.co\/valeria-tafurt\" target=\"_self\" rel=\"home\">Paisaje Cultural Cafetero<\/a><\/h1>\n\n\n<p class=\"has-small-font-size\">El Paisaje Cultural Cafetero (PCC) se refiere a un contexto rural andino especializado en la producci\u00f3n de caf\u00e9, particularmente en los departamentos de Risaralda, Quind\u00edo, Caldas y Valle del Cauca, en Colombia. El PCC constituye un ejemplo sobresaliente de adaptaci\u00f3n humana a condiciones geogr\u00e1ficas dif\u00edciles sobre las que se desarroll\u00f3 una caficultura de ladera y monta\u00f1a. Se trata de un&nbsp;paisaje cultural en el que se conjugan elementos naturales, econ\u00f3micos y culturales con un alto grado de homogeneidad en la regi\u00f3n, y que constituye un caso excepcional en el mundo. En este paisaje se combinan el esfuerzo humano, familiar y generacional de los caficultores con el acompa\u00f1amiento permanente de su institucionalidad (Paisaje Cultural Cafetero, s.f.).<br><br>*Click en cada uno de los iconos blancos para ampliar las fotograf\u00edas.<\/p>\n\n\n\n<iframe loading=\"lazy\" width=\"960\" height=\"540\" data-original-width=\"1920\" data-original-height=\"1080\" src=\"https:\/\/www.thinglink.com\/card\/1522739579415691265\" type=\"text\/html\" frameborder=\"0\" webkitallowfullscreen=\"\" mozallowfullscreen=\"\" allowfullscreen=\"\" scrolling=\"no\"><\/iframe><script async=\"\" src=\"\/\/cdn.thinglink.me\/jse\/responsive.js\"><\/script>\n\n\n\n<p class=\"has-small-font-size\">Sin embargo, para abordar desde una perspectiva anal\u00edtica el Paisaje Cultural Cafetero, surgen diferentes preguntas:<\/p>\n\n\n\n<p class=\"has-small-font-size\"><strong>\u00bfMediante cu\u00e1les mecanismos el paisaje cafetero se ha constituido como una mercanc\u00eda?<\/strong><\/p>\n\n\n\n<p class=\"has-small-font-size\"><strong>\u00bfC\u00f3mo ha influido el Estado y las instituciones gubernamentales en el fomento del turismo en el Paisaje Cultural Cafetero?<\/strong><\/p>\n\n\n\n<figure class=\"wp-block-image size-large\"><img loading=\"lazy\" decoding=\"async\" width=\"1024\" height=\"648\" src=\"https:\/\/multimediaytransmedia.uniandes.edu.co\/valeria-tafurt\/wp-content\/uploads\/sites\/2\/2021\/10\/Justificacio\u0301n1-edited-1024x648.png\" alt=\"\" class=\"wp-image-31\" srcset=\"https:\/\/multimediaytransmedia.uniandes.edu.co\/valeria-tafurt\/wp-content\/uploads\/sites\/2\/2021\/10\/Justificacio\u0301n1-edited-1024x648.png 1024w, https:\/\/multimediaytransmedia.uniandes.edu.co\/valeria-tafurt\/wp-content\/uploads\/sites\/2\/2021\/10\/Justificacio\u0301n1-edited-300x190.png 300w, https:\/\/multimediaytransmedia.uniandes.edu.co\/valeria-tafurt\/wp-content\/uploads\/sites\/2\/2021\/10\/Justificacio\u0301n1-edited-768x486.png 768w, https:\/\/multimediaytransmedia.uniandes.edu.co\/valeria-tafurt\/wp-content\/uploads\/sites\/2\/2021\/10\/Justificacio\u0301n1-edited-1536x971.png 1536w, https:\/\/multimediaytransmedia.uniandes.edu.co\/valeria-tafurt\/wp-content\/uploads\/sites\/2\/2021\/10\/Justificacio\u0301n1-edited-1568x992.png 1568w, https:\/\/multimediaytransmedia.uniandes.edu.co\/valeria-tafurt\/wp-content\/uploads\/sites\/2\/2021\/10\/Justificacio\u0301n1-edited.png 1850w\" sizes=\"auto, (max-width: 1024px) 100vw, 1024px\" \/><\/figure>\n\n\n\n<p class=\"has-black-color has-text-color has-large-font-size\"><strong>As\u00ed pues, para conocer sobre el caf\u00e9, la formaci\u00f3n del paisaje cafetero, y la actual dependencia tur\u00edstica de la regi\u00f3n, inicia el recorrido.<\/strong><\/p>\n\n\n\n<div class=\"wp-block-buttons is-content-justification-center is-layout-flex wp-block-buttons-is-layout-flex\">\n<div class=\"wp-block-button\"><a class=\"wp-block-button__link\" href=\"https:\/\/multimediaytransmedia.uniandes.edu.co\/valeria-tafurt\/sobre-el-cafe\/\">Iniciar<\/a><\/div>\n<\/div>\n","protected":false},"excerpt":{"rendered":"<p>El Paisaje Cultural Cafetero (PCC) se refiere a un contexto rural andino especializado en la producci\u00f3n de caf\u00e9, particularmente en los departamentos de Risaralda, Quind\u00edo,&#8230;<\/p>\n<div class=\"more-link-wrapper\"><a class=\"more-link\" href=\"https:\/\/multimediaytransmedia.uniandes.edu.co\/valeria-tafurt\/\">Seguir leyendo<span class=\"screen-reader-text\"><\/span><\/a><\/div>\n","protected":false},"author":2,"featured_media":0,"parent":0,"menu_order":0,"comment_status":"closed","ping_status":"open","template":"","meta":{"footnotes":""},"class_list":["post-2","page","type-page","status-publish","hentry","entry"],"_links":{"self":[{"href":"https:\/\/multimediaytransmedia.uniandes.edu.co\/valeria-tafurt\/wp-json\/wp\/v2\/pages\/2","targetHints":{"allow":["GET"]}}],"collection":[{"href":"https:\/\/multimediaytransmedia.uniandes.edu.co\/valeria-tafurt\/wp-json\/wp\/v2\/pages"}],"about":[{"href":"https:\/\/multimediaytransmedia.uniandes.edu.co\/valeria-tafurt\/wp-json\/wp\/v2\/types\/page"}],"author":[{"embeddable":true,"href":"https:\/\/multimediaytransmedia.uniandes.edu.co\/valeria-tafurt\/wp-json\/wp\/v2\/users\/2"}],"replies":[{"embeddable":true,"href":"https:\/\/multimediaytransmedia.uniandes.edu.co\/valeria-tafurt\/wp-json\/wp\/v2\/comments?post=2"}],"version-history":[{"count":30,"href":"https:\/\/multimediaytransmedia.uniandes.edu.co\/valeria-tafurt\/wp-json\/wp\/v2\/pages\/2\/revisions"}],"predecessor-version":[{"id":668,"href":"https:\/\/multimediaytransmedia.uniandes.edu.co\/valeria-tafurt\/wp-json\/wp\/v2\/pages\/2\/revisions\/668"}],"wp:attachment":[{"href":"https:\/\/multimediaytransmedia.uniandes.edu.co\/valeria-tafurt\/wp-json\/wp\/v2\/media?parent=2"}],"curies":[{"name":"wp","href":"https:\/\/api.w.org\/{rel}","templated":true}]}}