{"id":56,"date":"2021-11-11T22:43:33","date_gmt":"2021-11-12T03:43:33","guid":{"rendered":"https:\/\/multimediaytransmedia.uniandes.edu.co\/valeria-pina\/?page_id=56"},"modified":"2021-11-29T15:42:06","modified_gmt":"2021-11-29T20:42:06","slug":"dia-2-ansiedad-mito-vs-realidad","status":"publish","type":"page","link":"https:\/\/multimediaytransmedia.uniandes.edu.co\/valeria-pina\/dia-2-ansiedad-mito-vs-realidad\/","title":{"rendered":"D\u00eda 1: Ansiedad Mito vs Realidad"},"content":{"rendered":"\n<p class=\"has-text-align-center\">Para empezar me gustar\u00eda aclarar que NO es la ansiedad, al momento de hablar de salud mental, existen muchos prejuicios que se alejan de la realidad. Hoy me gustar\u00eda hablar de algunos que he visto por ah\u00ed y desmentir ciertos mitos que se han generado al rededor de este trastorno. <\/p>\n\n\n\n<p class=\"has-text-align-center\">Para la navegaci\u00f3n as siguientes im\u00e1genes muestran a la izquierda el mito y a la derecha la realidad<\/p>\n\n\n\n<hr class=\"wp-block-separator is-style-default\"\/>\n\n\n\n<div class=\"wp-block-columns alignwide is-layout-flex wp-container-core-columns-is-layout-9d6595d7 wp-block-columns-is-layout-flex\">\n<div class=\"wp-block-column is-vertically-aligned-top is-layout-flow wp-block-column-is-layout-flow\">\n<iframe loading=\"lazy\" frameborder=\"0\" class=\"juxtapose\" width=\"100%\" height=\"650\" src=\"https:\/\/cdn.knightlab.com\/libs\/juxtapose\/latest\/embed\/index.html?uid=203d2b0e-436a-11ec-abb7-b9a7ff2ee17c\"><\/iframe<\/iframe>\n\n\n\n<iframe loading=\"lazy\" frameborder=\"0\" class=\"juxtapose\" width=\"100%\" height=\"650\" src=\"https:\/\/cdn.knightlab.com\/libs\/juxtapose\/latest\/embed\/index.html?uid=5b0c8202-436a-11ec-abb7-b9a7ff2ee17c\"><\/iframe>\n<\/div>\n\n\n\n<div class=\"wp-block-column is-vertically-aligned-top is-layout-flow wp-block-column-is-layout-flow\">\n<iframe loading=\"lazy\" frameborder=\"0\" class=\"juxtapose\" width=\"100%\" height=\"650\" src=\"https:\/\/cdn.knightlab.com\/libs\/juxtapose\/latest\/embed\/index.html?uid=01729b00-436a-11ec-abb7-b9a7ff2ee17c\"><\/iframe>\n\n\n\n<iframe loading=\"lazy\" frameborder=\"0\" class=\"juxtapose\" width=\"100%\" height=\"650\" src=\"https:\/\/cdn.knightlab.com\/libs\/juxtapose\/latest\/embed\/index.html?uid=8461a290-436a-11ec-abb7-b9a7ff2ee17c\"><\/iframe>\n<\/div>\n<\/div>\n\n\n\n<div class=\"wp-block-columns is-layout-flex wp-container-core-columns-is-layout-9d6595d7 wp-block-columns-is-layout-flex\">\n<div class=\"wp-block-column is-vertically-aligned-top is-layout-flow wp-block-column-is-layout-flow\">\n<iframe loading=\"lazy\" frameborder=\"0\" class=\"juxtapose\" width=\"100%\" height=\"650\" src=\"https:\/\/cdn.knightlab.com\/libs\/juxtapose\/latest\/embed\/index.html?uid=95ae7c76-436a-11ec-abb7-b9a7ff2ee17c\"><\/if<\/iframe>\n<\/div>\n<\/div>\n\n\n\n<p>Fuente : <em>Myths and Facts About Anxiety: EXIS Recovery Inc.: Substance Abuse and Trauma Treatment Facilities<\/em>. (s. f.). Exis Recovey. https:\/\/www.exisrecovery.com\/blog\/myths-and-facts-about-anxiety<\/p>\n","protected":false},"excerpt":{"rendered":"<p>Para empezar me gustar\u00eda aclarar que NO es la ansiedad, al momento de hablar de salud mental, existen muchos prejuicios que se alejan de la realidad. Hoy me gustar\u00eda hablar de algunos que he visto por ah\u00ed y desmentir ciertos mitos que se han generado al rededor de este trastorno. Para la navegaci\u00f3n as siguientes&hellip; <a class=\"more-link\" href=\"https:\/\/multimediaytransmedia.uniandes.edu.co\/valeria-pina\/dia-2-ansiedad-mito-vs-realidad\/\">Seguir leyendo <span class=\"screen-reader-text\">D\u00eda 1: Ansiedad Mito vs Realidad<\/span><\/a><\/p>\n","protected":false},"author":3,"featured_media":0,"parent":0,"menu_order":0,"comment_status":"open","ping_status":"closed","template":"","meta":{"footnotes":""},"class_list":["post-56","page","type-page","status-publish","hentry","entry"],"_links":{"self":[{"href":"https:\/\/multimediaytransmedia.uniandes.edu.co\/valeria-pina\/wp-json\/wp\/v2\/pages\/56","targetHints":{"allow":["GET"]}}],"collection":[{"href":"https:\/\/multimediaytransmedia.uniandes.edu.co\/valeria-pina\/wp-json\/wp\/v2\/pages"}],"about":[{"href":"https:\/\/multimediaytransmedia.uniandes.edu.co\/valeria-pina\/wp-json\/wp\/v2\/types\/page"}],"author":[{"embeddable":true,"href":"https:\/\/multimediaytransmedia.uniandes.edu.co\/valeria-pina\/wp-json\/wp\/v2\/users\/3"}],"replies":[{"embeddable":true,"href":"https:\/\/multimediaytransmedia.uniandes.edu.co\/valeria-pina\/wp-json\/wp\/v2\/comments?post=56"}],"version-history":[{"count":34,"href":"https:\/\/multimediaytransmedia.uniandes.edu.co\/valeria-pina\/wp-json\/wp\/v2\/pages\/56\/revisions"}],"predecessor-version":[{"id":151,"href":"https:\/\/multimediaytransmedia.uniandes.edu.co\/valeria-pina\/wp-json\/wp\/v2\/pages\/56\/revisions\/151"}],"wp:attachment":[{"href":"https:\/\/multimediaytransmedia.uniandes.edu.co\/valeria-pina\/wp-json\/wp\/v2\/media?parent=56"}],"curies":[{"name":"wp","href":"https:\/\/api.w.org\/{rel}","templated":true}]}}