{"id":118,"date":"2021-11-25T11:00:29","date_gmt":"2021-11-25T16:00:29","guid":{"rendered":"https:\/\/multimediaytransmedia.uniandes.edu.co\/valeria-pina\/?page_id=118"},"modified":"2021-11-30T12:00:15","modified_gmt":"2021-11-30T17:00:15","slug":"diario-de-ansiedad-en-los-jovenes-del-siglo-xx","status":"publish","type":"page","link":"https:\/\/multimediaytransmedia.uniandes.edu.co\/valeria-pina\/","title":{"rendered":"Diario de Ansiedad en los j\u00f3venes del siglo XXI"},"content":{"rendered":"\n<h1 class=\"alignfull has-text-align-center wp-block-heading\"><strong>Diario de Ansiedad Para Los J\u00f3venes Del Siglo XX<\/strong>I<\/h1>\n\n\n\n<div class=\"wp-block-image\"><figure class=\"aligncenter size-full\"><img loading=\"lazy\" decoding=\"async\" width=\"560\" height=\"393\" src=\"https:\/\/multimediaytransmedia.uniandes.edu.co\/valeria-pina\/wp-content\/uploads\/sites\/3\/2021\/11\/1576750298_899932_1577008177_sumario_normal.gif\" alt=\"\" class=\"wp-image-131\"\/><\/figure><\/div>\n\n\n\n<hr class=\"wp-block-separator is-style-default\"\/>\n\n\n\n<p class=\"has-text-align-center has-black-color has-text-color has-link-color\">En este proyecto se explorar\u00e1 la ansiedad a trav\u00e9s de un diario que podr\u00e1 servir de<span class=\"has-inline-color has-black-color\"> gu\u00eda para poder llegar a entender al mundo de la ansiedad que pueden tener los j\u00f3venes en el siglo XXI. Se har\u00e1 a trav\u00e9s de fuentes sustentadas y de la experiencia de una persona con trastorno de ansiedad. <\/span>Cada d\u00eda se hablar\u00e1 de un tema diferente relacionado con la ansiedad para hacer de esta experiencia m\u00e1s digerible y ligera para el lector.<\/p>\n\n\n\n<hr class=\"wp-block-separator is-style-default\"\/>\n\n\n\n<p class=\"has-text-align-center\">La motivaci\u00f3n principal del diario es explorar un poco un tema que veo muy repetitivo en el d\u00eda a d\u00eda. Un trastorno que muchos reconocen pero no todos lo conocen realmente. Adem\u00e1s, la curiosidad de saber el motivo por el cual se ve tan com\u00fanmente en los j\u00f3venes de hoy en d\u00eda.<\/p>\n\n\n\n<hr class=\"wp-block-separator is-style-default\"\/>\n\n\n\n<p class=\"has-text-align-center has-black-color has-text-color has-link-color\">A continuaci\u00f3n encontrar\u00e1n la lista de contenidos donde podr\u00e1n navegar por los diferentes d\u00edas y temas del diario.<\/p>\n\n\n\n<div class=\"wp-block-columns is-layout-flex wp-container-core-columns-is-layout-9d6595d7 wp-block-columns-is-layout-flex\">\n<div class=\"wp-block-column is-vertically-aligned-center is-layout-flow wp-block-column-is-layout-flow\" style=\"flex-basis:700px\">\n<iframe src='https:\/\/cdn.knightlab.com\/libs\/timeline3\/latest\/embed\/index.html?source=1wKRMV5gdC_6EPrTvQ0Cstgmi4-x-rscmO8cD8oRq-ZY&#038;font=Default&#038;lang=en&#038;initial_zoom=2&#038;height=650' width='100%' height='650' webkitallowfullscreen mozallowfullscreen allowfullscreen frameborder='0'><\/iframe>\n<\/div>\n<\/div>\n\n\n\n<p><\/p>\n","protected":false},"excerpt":{"rendered":"<p>Diario de Ansiedad Para Los J\u00f3venes Del Siglo XXI En este proyecto se explorar\u00e1 la ansiedad a trav\u00e9s de un diario que podr\u00e1 servir de gu\u00eda para poder llegar a entender al mundo de la ansiedad que pueden tener los j\u00f3venes en el siglo XXI. Se har\u00e1 a trav\u00e9s de fuentes sustentadas y de la&hellip; <a class=\"more-link\" href=\"https:\/\/multimediaytransmedia.uniandes.edu.co\/valeria-pina\/\">Seguir leyendo <span class=\"screen-reader-text\">Diario de Ansiedad en los j\u00f3venes del siglo XXI<\/span><\/a><\/p>\n","protected":false},"author":3,"featured_media":0,"parent":0,"menu_order":0,"comment_status":"open","ping_status":"closed","template":"","meta":{"footnotes":""},"class_list":["post-118","page","type-page","status-publish","hentry","entry"],"_links":{"self":[{"href":"https:\/\/multimediaytransmedia.uniandes.edu.co\/valeria-pina\/wp-json\/wp\/v2\/pages\/118","targetHints":{"allow":["GET"]}}],"collection":[{"href":"https:\/\/multimediaytransmedia.uniandes.edu.co\/valeria-pina\/wp-json\/wp\/v2\/pages"}],"about":[{"href":"https:\/\/multimediaytransmedia.uniandes.edu.co\/valeria-pina\/wp-json\/wp\/v2\/types\/page"}],"author":[{"embeddable":true,"href":"https:\/\/multimediaytransmedia.uniandes.edu.co\/valeria-pina\/wp-json\/wp\/v2\/users\/3"}],"replies":[{"embeddable":true,"href":"https:\/\/multimediaytransmedia.uniandes.edu.co\/valeria-pina\/wp-json\/wp\/v2\/comments?post=118"}],"version-history":[{"count":19,"href":"https:\/\/multimediaytransmedia.uniandes.edu.co\/valeria-pina\/wp-json\/wp\/v2\/pages\/118\/revisions"}],"predecessor-version":[{"id":213,"href":"https:\/\/multimediaytransmedia.uniandes.edu.co\/valeria-pina\/wp-json\/wp\/v2\/pages\/118\/revisions\/213"}],"wp:attachment":[{"href":"https:\/\/multimediaytransmedia.uniandes.edu.co\/valeria-pina\/wp-json\/wp\/v2\/media?parent=118"}],"curies":[{"name":"wp","href":"https:\/\/api.w.org\/{rel}","templated":true}]}}