{"id":100,"date":"2021-11-16T16:49:57","date_gmt":"2021-11-16T21:49:57","guid":{"rendered":"https:\/\/multimediaytransmedia.uniandes.edu.co\/valeria-pina\/?page_id=100"},"modified":"2021-11-29T16:11:43","modified_gmt":"2021-11-29T21:11:43","slug":"dia-3-niveles-de-ansiedad","status":"publish","type":"page","link":"https:\/\/multimediaytransmedia.uniandes.edu.co\/valeria-pina\/dia-3-niveles-de-ansiedad\/","title":{"rendered":"D\u00eda 3: Niveles de Ansiedad"},"content":{"rendered":"\n<p class=\"has-text-align-center\">La ansiedad no es un trastorno con s\u00edntomas est\u00e1ndar que aplique de misma forma para todo el mundo. Es mejor clasificado por niveles para entender lo que nos sucede en esos momentos. Al conocer el nivel en donde estas, te sentir\u00e1s identificado y aliviado pues te das cuenta que si existe y es v\u00e1lido lo que sientes. A continuaci\u00f3n los invito a navegar la pir\u00e1mide de los 4 niveles principales de la ansiedad, pueden ampliar las im\u00e1genes  y el texto.<\/p>\n\n\n\n<div class=\"wp-block-columns is-layout-flex wp-container-core-columns-is-layout-9d6595d7 wp-block-columns-is-layout-flex\">\n<div class=\"wp-block-column is-vertically-aligned-center is-layout-flow wp-block-column-is-layout-flow\">\n<iframe loading=\"lazy\" width=\"960\" height=\"1358.0340264650283\" data-original-width=\"1587\" data-original-height=\"2245\" src=\"https:\/\/www.thinglink.com\/card\/1517258413669613570\" type=\"text\/html\" frameborder=\"0\" webkitallowfullscreen=\"\" mozallowfullscreen=\"\" allowfullscreen=\"\" scrolling=\"no\"><\/iframe><script async=\"\" src=\"\/\/cdn.thinglink.me\/jse\/responsive.js\"><\/script>\n<\/div>\n<\/div>\n","protected":false},"excerpt":{"rendered":"<p>La ansiedad no es un trastorno con s\u00edntomas est\u00e1ndar que aplique de misma forma para todo el mundo. Es mejor clasificado por niveles para entender lo que nos sucede en esos momentos. Al conocer el nivel en donde estas, te sentir\u00e1s identificado y aliviado pues te das cuenta que si existe y es v\u00e1lido lo&hellip; <a class=\"more-link\" href=\"https:\/\/multimediaytransmedia.uniandes.edu.co\/valeria-pina\/dia-3-niveles-de-ansiedad\/\">Seguir leyendo <span class=\"screen-reader-text\">D\u00eda 3: Niveles de Ansiedad<\/span><\/a><\/p>\n","protected":false},"author":3,"featured_media":0,"parent":0,"menu_order":0,"comment_status":"open","ping_status":"closed","template":"","meta":{"footnotes":""},"class_list":["post-100","page","type-page","status-publish","hentry","entry"],"_links":{"self":[{"href":"https:\/\/multimediaytransmedia.uniandes.edu.co\/valeria-pina\/wp-json\/wp\/v2\/pages\/100","targetHints":{"allow":["GET"]}}],"collection":[{"href":"https:\/\/multimediaytransmedia.uniandes.edu.co\/valeria-pina\/wp-json\/wp\/v2\/pages"}],"about":[{"href":"https:\/\/multimediaytransmedia.uniandes.edu.co\/valeria-pina\/wp-json\/wp\/v2\/types\/page"}],"author":[{"embeddable":true,"href":"https:\/\/multimediaytransmedia.uniandes.edu.co\/valeria-pina\/wp-json\/wp\/v2\/users\/3"}],"replies":[{"embeddable":true,"href":"https:\/\/multimediaytransmedia.uniandes.edu.co\/valeria-pina\/wp-json\/wp\/v2\/comments?post=100"}],"version-history":[{"count":3,"href":"https:\/\/multimediaytransmedia.uniandes.edu.co\/valeria-pina\/wp-json\/wp\/v2\/pages\/100\/revisions"}],"predecessor-version":[{"id":182,"href":"https:\/\/multimediaytransmedia.uniandes.edu.co\/valeria-pina\/wp-json\/wp\/v2\/pages\/100\/revisions\/182"}],"wp:attachment":[{"href":"https:\/\/multimediaytransmedia.uniandes.edu.co\/valeria-pina\/wp-json\/wp\/v2\/media?parent=100"}],"curies":[{"name":"wp","href":"https:\/\/api.w.org\/{rel}","templated":true}]}}