{"id":61,"date":"2021-11-25T11:39:16","date_gmt":"2021-11-25T16:39:16","guid":{"rendered":"https:\/\/multimediaytransmedia.uniandes.edu.co\/juan-felipe-rojas\/?page_id=61"},"modified":"2021-12-02T10:37:25","modified_gmt":"2021-12-02T15:37:25","slug":"equipos-y-jugadores-que-alguna-vez-has-escuchado","status":"publish","type":"page","link":"https:\/\/multimediaytransmedia.uniandes.edu.co\/juan-felipe-rojas\/equipos-y-jugadores-que-alguna-vez-has-escuchado\/","title":{"rendered":"Equipos y jugadores que alguna vez has escuchado"},"content":{"rendered":"\n<figure class=\"wp-block-image size-large\"><img decoding=\"async\" src=\"https:\/\/esports.as.com\/2018\/02\/28\/industria\/DXDcgEUWsAAhXXn1_1113198680_55652_1440x600.jpg\" alt=\"\"\/><figcaption><a href=\"https:\/\/esports.as.com\/industria\/Liga-entra-esports_0_1112888712.html\" data-type=\"URL\" data-id=\"https:\/\/esports.as.com\/industria\/Liga-entra-esports_0_1112888712.html\" target=\"_blank\" rel=\"noreferrer noopener\">https:\/\/esports.as.com\/industria\/Liga-entra-esports_0_1112888712.html<\/a><\/figcaption><\/figure>\n\n\n\n<p>Los clubes deportivos tradicionales e incluso\u00a0grandes competiciones como LaLiga ya hacen parte de los E-Sports. El Baskonia, tercer mayor club espa\u00f1ol de baloncesto, lleva apostando fuerte por los esports desde su nacimiento hace casi tres a\u00f1os.\u00a0El FC Barcelona ha visto se uni\u00f3 en el 2018. El brasile\u00f1o Santos F\u00fatbol Club, tambi\u00e9n tiene su divisi\u00f3n electr\u00f3nica. Pero estos no son los \u00fanicos clubes presentes:\u00a0Valencia CF, Schalke 04, Sporting de Lisboa,\u00a0Manchester City, Wolfsburgo, West Ham United o Besiktas son otros ejemplos.<\/p>\n\n\n\n<div class=\"wp-block-columns is-layout-flex wp-container-core-columns-is-layout-9d6595d7 wp-block-columns-is-layout-flex\">\n<div class=\"wp-block-column is-layout-flow wp-block-column-is-layout-flow\">\n<figure class=\"wp-block-image size-large is-resized\"><img loading=\"lazy\" decoding=\"async\" src=\"https:\/\/esports.as.com\/2018\/02\/27\/industria\/FC-Barcelona-entra-esports_1112898715_55396_1440x600.jpg\" alt=\"\" width=\"276\" height=\"114\"\/><\/figure>\n<\/div>\n\n\n\n<div class=\"wp-block-column is-layout-flow wp-block-column-is-layout-flow\">\n<figure class=\"wp-block-image size-large is-resized\"><img loading=\"lazy\" decoding=\"async\" src=\"https:\/\/www.ruv.de\/static-files\/ruvde\/images\/presse\/StaticFiles_Auto\/esport-teamfoto.png\" alt=\"\" width=\"271\" height=\"151\"\/><\/figure>\n<\/div>\n\n\n\n<div class=\"wp-block-column is-layout-flow wp-block-column-is-layout-flow\">\n<figure class=\"wp-block-image size-large is-resized\"><img loading=\"lazy\" decoding=\"async\" src=\"https:\/\/th.bing.com\/th\/id\/R.0dacf14b734c3e5251da4d46f7ca48dd?rik=Hd9C49x6jGhthA&amp;pid=ImgRaw&amp;r=0&amp;sres=1&amp;sresct=1\" alt=\"\" width=\"221\" height=\"133\"\/><\/figure>\n<\/div>\n<\/div>\n\n\n\n<p><\/p>\n","protected":false},"excerpt":{"rendered":"<p>Los clubes deportivos tradicionales e incluso\u00a0grandes competiciones como LaLiga ya hacen parte de los E-Sports. El Baskonia, tercer mayor club espa\u00f1ol de baloncesto, lleva apostando fuerte por los esports desde su nacimiento hace casi tres a\u00f1os.\u00a0El FC Barcelona ha visto se uni\u00f3 en el 2018. El brasile\u00f1o Santos F\u00fatbol Club, tambi\u00e9n tiene su divisi\u00f3n electr\u00f3nica&#8230;.<\/p>\n","protected":false},"author":7,"featured_media":0,"parent":0,"menu_order":0,"comment_status":"closed","ping_status":"closed","template":"","meta":{"footnotes":""},"class_list":["post-61","page","type-page","status-publish","hentry"],"_links":{"self":[{"href":"https:\/\/multimediaytransmedia.uniandes.edu.co\/juan-felipe-rojas\/wp-json\/wp\/v2\/pages\/61","targetHints":{"allow":["GET"]}}],"collection":[{"href":"https:\/\/multimediaytransmedia.uniandes.edu.co\/juan-felipe-rojas\/wp-json\/wp\/v2\/pages"}],"about":[{"href":"https:\/\/multimediaytransmedia.uniandes.edu.co\/juan-felipe-rojas\/wp-json\/wp\/v2\/types\/page"}],"author":[{"embeddable":true,"href":"https:\/\/multimediaytransmedia.uniandes.edu.co\/juan-felipe-rojas\/wp-json\/wp\/v2\/users\/7"}],"replies":[{"embeddable":true,"href":"https:\/\/multimediaytransmedia.uniandes.edu.co\/juan-felipe-rojas\/wp-json\/wp\/v2\/comments?post=61"}],"version-history":[{"count":5,"href":"https:\/\/multimediaytransmedia.uniandes.edu.co\/juan-felipe-rojas\/wp-json\/wp\/v2\/pages\/61\/revisions"}],"predecessor-version":[{"id":166,"href":"https:\/\/multimediaytransmedia.uniandes.edu.co\/juan-felipe-rojas\/wp-json\/wp\/v2\/pages\/61\/revisions\/166"}],"wp:attachment":[{"href":"https:\/\/multimediaytransmedia.uniandes.edu.co\/juan-felipe-rojas\/wp-json\/wp\/v2\/media?parent=61"}],"curies":[{"name":"wp","href":"https:\/\/api.w.org\/{rel}","templated":true}]}}