{"id":133,"date":"2021-12-01T22:38:49","date_gmt":"2021-12-02T03:38:49","guid":{"rendered":"https:\/\/multimediaytransmedia.uniandes.edu.co\/juan-felipe-rojas\/?page_id=133"},"modified":"2021-12-01T22:38:49","modified_gmt":"2021-12-02T03:38:49","slug":"comunidad-gamer","status":"publish","type":"page","link":"https:\/\/multimediaytransmedia.uniandes.edu.co\/juan-felipe-rojas\/comunidad-gamer\/","title":{"rendered":"Comunidad Gamer"},"content":{"rendered":"\n<p>Esta secci\u00f3n est\u00e1 enfocada en compartir los contenidos que nos gusta consumir para que m\u00e1s personas los conozcan y compartamos gustos. Tambi\u00e9n es poder mostrar de una forma expl\u00edcita en qu\u00e9 momentos estamos formando comunidad y seguir creciendo. Este es un espacio para compartir, conocer gente e invitar a jugar. <\/p>\n\n\n\n<div class=\"wp-block-columns is-layout-flex wp-container-core-columns-is-layout-9d6595d7 wp-block-columns-is-layout-flex\">\n<div class=\"wp-block-column is-layout-flow wp-block-column-is-layout-flow\">\n<figure class=\"wp-block-image size-large\"><img decoding=\"async\" src=\"https:\/\/generacionxbox.com\/wp-content\/uploads\/2019\/07\/esports-mexico-generacionxbox.jpg\" alt=\"\"\/><\/figure>\n<\/div>\n\n\n\n<div class=\"wp-block-column is-layout-flow wp-block-column-is-layout-flow\">\n<figure class=\"wp-block-image size-large\"><img decoding=\"async\" src=\"https:\/\/i.ytimg.com\/vi\/3vHJXbzgSP0\/maxresdefault.jpg\" alt=\"\"\/><\/figure>\n<\/div>\n<\/div>\n\n\n\n<div class=\"wp-block-columns is-layout-flex wp-container-core-columns-is-layout-9d6595d7 wp-block-columns-is-layout-flex\">\n<div class=\"wp-block-column is-layout-flow wp-block-column-is-layout-flow\">\n<figure class=\"wp-block-image size-large is-resized\"><img loading=\"lazy\" decoding=\"async\" src=\"https:\/\/multimediaytransmedia.uniandes.edu.co\/juan-felipe-rojas\/wp-content\/uploads\/sites\/7\/2021\/12\/image-1-1024x440.png\" alt=\"\" class=\"wp-image-136\" width=\"425\" height=\"182\" srcset=\"https:\/\/multimediaytransmedia.uniandes.edu.co\/juan-felipe-rojas\/wp-content\/uploads\/sites\/7\/2021\/12\/image-1-1024x440.png 1024w, https:\/\/multimediaytransmedia.uniandes.edu.co\/juan-felipe-rojas\/wp-content\/uploads\/sites\/7\/2021\/12\/image-1-300x129.png 300w, https:\/\/multimediaytransmedia.uniandes.edu.co\/juan-felipe-rojas\/wp-content\/uploads\/sites\/7\/2021\/12\/image-1-768x330.png 768w, https:\/\/multimediaytransmedia.uniandes.edu.co\/juan-felipe-rojas\/wp-content\/uploads\/sites\/7\/2021\/12\/image-1-850x365.png 850w, https:\/\/multimediaytransmedia.uniandes.edu.co\/juan-felipe-rojas\/wp-content\/uploads\/sites\/7\/2021\/12\/image-1.png 1268w\" sizes=\"auto, (max-width: 425px) 100vw, 425px\" \/><\/figure>\n<\/div>\n\n\n\n<div class=\"wp-block-column is-layout-flow wp-block-column-is-layout-flow\">\n<figure class=\"wp-block-image size-large\"><img decoding=\"async\" src=\"https:\/\/nmegames.s3.ap-northeast-1.amazonaws.com\/nmegames\/wp-content\/uploads\/2021\/01\/13175713\/grefgtwitch-720x457.jpg\" alt=\"\"\/><\/figure>\n<\/div>\n<\/div>\n\n\n\n<p><\/p>\n","protected":false},"excerpt":{"rendered":"<p>Esta secci\u00f3n est\u00e1 enfocada en compartir los contenidos que nos gusta consumir para que m\u00e1s personas los conozcan y compartamos gustos. Tambi\u00e9n es poder mostrar de una forma expl\u00edcita en qu\u00e9 momentos estamos formando comunidad y seguir creciendo. Este es un espacio para compartir, conocer gente e invitar a jugar.<\/p>\n","protected":false},"author":7,"featured_media":0,"parent":0,"menu_order":0,"comment_status":"closed","ping_status":"closed","template":"","meta":{"footnotes":""},"class_list":["post-133","page","type-page","status-publish","hentry"],"_links":{"self":[{"href":"https:\/\/multimediaytransmedia.uniandes.edu.co\/juan-felipe-rojas\/wp-json\/wp\/v2\/pages\/133","targetHints":{"allow":["GET"]}}],"collection":[{"href":"https:\/\/multimediaytransmedia.uniandes.edu.co\/juan-felipe-rojas\/wp-json\/wp\/v2\/pages"}],"about":[{"href":"https:\/\/multimediaytransmedia.uniandes.edu.co\/juan-felipe-rojas\/wp-json\/wp\/v2\/types\/page"}],"author":[{"embeddable":true,"href":"https:\/\/multimediaytransmedia.uniandes.edu.co\/juan-felipe-rojas\/wp-json\/wp\/v2\/users\/7"}],"replies":[{"embeddable":true,"href":"https:\/\/multimediaytransmedia.uniandes.edu.co\/juan-felipe-rojas\/wp-json\/wp\/v2\/comments?post=133"}],"version-history":[{"count":1,"href":"https:\/\/multimediaytransmedia.uniandes.edu.co\/juan-felipe-rojas\/wp-json\/wp\/v2\/pages\/133\/revisions"}],"predecessor-version":[{"id":137,"href":"https:\/\/multimediaytransmedia.uniandes.edu.co\/juan-felipe-rojas\/wp-json\/wp\/v2\/pages\/133\/revisions\/137"}],"wp:attachment":[{"href":"https:\/\/multimediaytransmedia.uniandes.edu.co\/juan-felipe-rojas\/wp-json\/wp\/v2\/media?parent=133"}],"curies":[{"name":"wp","href":"https:\/\/api.w.org\/{rel}","templated":true}]}}