{"id":33,"date":"2021-11-04T10:07:16","date_gmt":"2021-11-04T15:07:16","guid":{"rendered":"https:\/\/multimediaytransmedia.uniandes.edu.co\/juan-esteban-perez\/?page_id=33"},"modified":"2021-12-02T16:05:36","modified_gmt":"2021-12-02T21:05:36","slug":"inicio","status":"publish","type":"page","link":"https:\/\/multimediaytransmedia.uniandes.edu.co\/juan-esteban-perez\/","title":{"rendered":""},"content":{"rendered":"\n<h1 class=\"alignwide has-text-align-center has-text-color wp-block-heading\" style=\"color:#ff5757;font-size:140px\">\u00bf<strong>SIN PLAN<\/strong>?<\/h1>\n\n\n\n<p style=\"text-align: center;\"><iframe loading=\"lazy\" class=\"giphy-embed\" src=\"https:\/\/giphy.com\/embed\/QYpG4S7rrO6Bgoj9Ti\" width=\"480\" height=\"254\" frameborder=\"0\" allowfullscreen=\"allowfullscreen\"><\/iframe><\/p>\n\n\n\n<h1 class=\"has-text-align-center has-black-color has-text-color wp-block-heading\"><strong>\u00a1Vamos a rodar por Bogot\u00e1!<\/strong><\/h1>\n\n\n\n<div class=\"wp-block-buttons alignfull is-content-justification-center is-layout-flex wp-block-buttons-is-layout-flex\">\n<div class=\"wp-block-button has-custom-width wp-block-button__width-25 has-custom-font-size is-style-outline is-style-outline--1\" style=\"font-size:20px\"><a class=\"wp-block-button__link\" href=\"https:\/\/multimediaytransmedia.uniandes.edu.co\/juan-esteban-perez\/locations\/\">Locations<\/a><\/div>\n\n\n\n<div class=\"wp-block-button has-custom-width wp-block-button__width-25 has-custom-font-size is-style-outline is-style-outline--2\" style=\"font-size:20px\"><a class=\"wp-block-button__link\" href=\"https:\/\/multimediaytransmedia.uniandes.edu.co\/juan-esteban-perez\/car-rides\/\">car rides<\/a><\/div>\n\n\n\n<div class=\"wp-block-button has-custom-width wp-block-button__width-25 has-custom-font-size is-style-outline is-style-outline--3\" style=\"font-size:20px\"><a class=\"wp-block-button__link\" href=\"https:\/\/multimediaytransmedia.uniandes.edu.co\/juan-esteban-perez\/playlists\/\">playlists<\/a><\/div>\n<\/div>\n\n\n\n<hr class=\"wp-block-separator\"\/>\n\n\n\n<p class=\"has-text-align-left has-black-color has-text-color\" style=\"font-size:20px\">Bogot\u00e1 es una ciudad llena de rutas por las cuales transitar que, a pesar de sus terribles trancones y organizaci\u00f3n, resulta amena para la juventud rola. La capital ofrece un sinf\u00edn de barrios por los cuales <span style=\"color:#ff5757\" class=\"has-inline-color\">deambular, explorar y disfrutar<\/span> en coche mientras hablamos y compartimos experiencias \u00fanicas entre cada grupo de amigos, parejas y familias. <\/p>\n\n\n\n<figure class=\"wp-block-pullquote alignwide\"><blockquote><p><strong>En <span style=\"color:#ff5757\" class=\"has-inline-color\">Rolling D.C<\/span> pensamos en todos los tipos de planes para realizar con cualquier clima, a cualquier hora del d\u00eda y con la compa\u00f1\u00eda que nuestros usuarios elijan para recorrer la ciudad.<\/strong> <\/p><\/blockquote><\/figure>\n\n\n\n<p class=\"has-black-color has-text-color\" style=\"font-size:20px\">De todas formas, tenemos un enfoque m\u00e1s que nada para un p\u00fablico joven, el que m\u00e1s transita la capital en busca de planes y rutas donde aprovechar la <em>soltada<\/em> del carro de pap\u00e1. Miles de veces hemos quedado varados de plan despu\u00e9s de un d\u00eda en la universidad, los s\u00e1bados por la tarde antes de la rumba en la 85 o reci\u00e9n almorzados, es por esto que surgi\u00f3 la idea de crear un sitio para desvararnos,<strong><span style=\"color:#ff5757\" class=\"has-inline-color\"> buscar qu\u00e9 hacer, a d\u00f3nde ir y con qu\u00e9 m\u00fasica hacerlo<\/span><\/strong> para no tener que terminar siempre en las mismas: en la casa de un amigo cada uno en su celular mientras esperamos que nos lleve el Diablo.  <\/p>\n\n\n\n<h2 class=\"has-text-align-center wp-block-heading\" style=\"font-size:60px\"><span style=\"color:#ff5757\" class=\"has-inline-color\">Exploremos juntos Bogot\u00e1<\/span><\/h2>\n\n\n\n<p style=\"text-align: center;\"><iframe loading=\"lazy\" style=\"border: 0;\" src=\"https:\/\/www.google.com\/maps\/embed?pb=!1m18!1m12!1m3!1d254508.51641077187!2d-74.24789401970598!3d4.648283717300197!2m3!1f0!2f0!3f0!3m2!1i1024!2i768!4f13.1!3m3!1m2!1s0x8e3f9bfd2da6cb29%3A0x239d635520a33914!2zQm9nb3TDoQ!5e0!3m2!1ses!2sco!4v1638477488755!5m2!1ses!2sco\" width=\"700\" height=\"525\" allowfullscreen=\"allowfullscreen\"><\/iframe><\/p>\n\n\n\n<hr class=\"wp-block-separator\"\/>\n\n\n\n<p style=\"font-size:20px\">A pesar de las limitaciones de la p\u00e1gina, el concepto inicial de <strong><em><span style=\"color:#ff5757\" class=\"has-inline-color\">Rolling D.C<\/span><\/em><\/strong> gira en torno a la colaboraci\u00f3n con nuestros usuarios, donde <span style=\"color:#ff5757\" class=\"has-inline-color\"><strong>todos compartimos, todos calificamos y juntos hacemos crecer el contenido del sitio<\/strong><\/span> con nuevas rutas, nuevas <em>playlists<\/em> y la interacci\u00f3n con los dem\u00e1s miembros de la comunidad para hacer de Bogot\u00e1 un espacio donde todos los que la transitamos podamos convivir y parchar.<\/p>\n\n\n<div class=\"aligncenter is-style-default wp-block-site-logo\"><a href=\"https:\/\/multimediaytransmedia.uniandes.edu.co\/juan-esteban-perez\/\" class=\"custom-logo-link\" rel=\"home\"><img loading=\"lazy\" decoding=\"async\" width=\"272\" height=\"272\" src=\"https:\/\/multimediaytransmedia.uniandes.edu.co\/juan-esteban-perez\/wp-content\/uploads\/sites\/8\/2021\/11\/cropped-ROLLING-D.C-1.png\" class=\"custom-logo\" alt=\"ROLLING D.C\" srcset=\"https:\/\/multimediaytransmedia.uniandes.edu.co\/juan-esteban-perez\/wp-content\/uploads\/sites\/8\/2021\/11\/cropped-ROLLING-D.C-1.png 500w, https:\/\/multimediaytransmedia.uniandes.edu.co\/juan-esteban-perez\/wp-content\/uploads\/sites\/8\/2021\/11\/cropped-ROLLING-D.C-1-300x300.png 300w, https:\/\/multimediaytransmedia.uniandes.edu.co\/juan-esteban-perez\/wp-content\/uploads\/sites\/8\/2021\/11\/cropped-ROLLING-D.C-1-150x150.png 150w\" sizes=\"auto, (max-width: 272px) 100vw, 272px\" \/><\/a><\/div>","protected":false},"excerpt":{"rendered":"<p>\u00bfSIN PLAN? \u00a1Vamos a rodar por Bogot\u00e1! Bogot\u00e1 es una ciudad llena de rutas por las cuales transitar que, a<\/p>\n<p><a href=\"https:\/\/multimediaytransmedia.uniandes.edu.co\/juan-esteban-perez\/\" class=\"more-link\">Seguir leyendo<span class=\"screen-reader-text\"><\/span><\/a><\/p>\n","protected":false},"author":8,"featured_media":0,"parent":0,"menu_order":0,"comment_status":"closed","ping_status":"closed","template":"","meta":{"footnotes":""},"class_list":["post-33","page","type-page","status-publish","hentry"],"_links":{"self":[{"href":"https:\/\/multimediaytransmedia.uniandes.edu.co\/juan-esteban-perez\/wp-json\/wp\/v2\/pages\/33","targetHints":{"allow":["GET"]}}],"collection":[{"href":"https:\/\/multimediaytransmedia.uniandes.edu.co\/juan-esteban-perez\/wp-json\/wp\/v2\/pages"}],"about":[{"href":"https:\/\/multimediaytransmedia.uniandes.edu.co\/juan-esteban-perez\/wp-json\/wp\/v2\/types\/page"}],"author":[{"embeddable":true,"href":"https:\/\/multimediaytransmedia.uniandes.edu.co\/juan-esteban-perez\/wp-json\/wp\/v2\/users\/8"}],"replies":[{"embeddable":true,"href":"https:\/\/multimediaytransmedia.uniandes.edu.co\/juan-esteban-perez\/wp-json\/wp\/v2\/comments?post=33"}],"version-history":[{"count":84,"href":"https:\/\/multimediaytransmedia.uniandes.edu.co\/juan-esteban-perez\/wp-json\/wp\/v2\/pages\/33\/revisions"}],"predecessor-version":[{"id":840,"href":"https:\/\/multimediaytransmedia.uniandes.edu.co\/juan-esteban-perez\/wp-json\/wp\/v2\/pages\/33\/revisions\/840"}],"wp:attachment":[{"href":"https:\/\/multimediaytransmedia.uniandes.edu.co\/juan-esteban-perez\/wp-json\/wp\/v2\/media?parent=33"}],"curies":[{"name":"wp","href":"https:\/\/api.w.org\/{rel}","templated":true}]}}