{"id":122,"date":"2021-12-02T10:56:47","date_gmt":"2021-12-02T15:56:47","guid":{"rendered":"https:\/\/multimediaytransmedia.uniandes.edu.co\/alan-stevenson\/?page_id=122"},"modified":"2021-12-02T11:21:50","modified_gmt":"2021-12-02T16:21:50","slug":"mis-entradas","status":"publish","type":"page","link":"https:\/\/multimediaytransmedia.uniandes.edu.co\/alan-stevenson\/mis-entradas\/","title":{"rendered":"Mis entradas"},"content":{"rendered":"\n<p>Aqu\u00ed hay entradas sobre mis rese\u00f1as, cuentos y ensayos sobre ciencia ficci\u00f3n.<\/p>\n\n\n\n<link href=\"https:\/\/cdn.knightlab.com\/libs\/soundcite\/latest\/css\/player.css\" rel=\"stylesheet\" type=\"text\/css\"><script type=\"text\/javascript\" src=\"https:\/\/cdn.knightlab.com\/libs\/soundcite\/latest\/js\/soundcite.min.js\"><\/script>\n\n\n\n<p class=\"has-text-align-center\"> <strong>OUTERNET<\/strong> <\/p>\n\n\n\n<p class=\"has-text-align-center\"> Por Alan Stevenson <\/p>\n\n\n\n<p><strong><em>A continuaci\u00f3n hay un peque\u00f1o cuento de ciencia ficci\u00f3n. Cada palabra tiene un audio de un podcast del canal de Youtube &#8220;Kurzgesagt&#8221; explicando el concepto que se menciona en el texto<\/em><\/strong>:<\/p>\n\n\n\n<link href=\"https:\/\/cdn.knightlab.com\/libs\/soundcite\/latest\/css\/player.css\" rel=\"stylesheet\" type=\"text\/css\"><script type=\"text\/javascript\" src=\"https:\/\/cdn.knightlab.com\/libs\/soundcite\/latest\/js\/soundcite.min.js\"><\/script>\n\n\n\n<p> El encuadre fue claro y la luz procesada. Pudimos observar lo suficientemente lejos como para ver no solo el pasado, sino el comienzo. No sab\u00edamos si los secretos del universo se nos estaban acabando. <\/p>\n\n\n\nNuestra especie hab\u00eda logrado superar <span class=\"soundcite\" data-url=\"https:\/\/multimediaytransmedia.uniandes.edu.co\/alan-stevenson\/wp-content\/uploads\/sites\/14\/2021\/11\/the-great-filter.mp3\" data-start=\"0\" data-end=\"575000\" data-plays=\"1\"> los grandes filtros<\/span> que se le fueron impuestos. <span class=\"soundcite\" data-url=\"https:\/\/multimediaytransmedia.uniandes.edu.co\/alan-stevenson\/wp-content\/uploads\/sites\/14\/2021\/11\/The-Origin-of-Consciousness-\u2013-How-Unaware-Things-Became-Aware.mp3\" data-start=\"0\" data-end=\"580000\" data-plays=\"1\"> La temprana simbiosis permiti\u00f3 la existencia de organismos multicelulares,<\/span> luego desarrollamos pulgares opuestos, escribimos, pensamos, nos unimos y superamos <span class=\"soundcite\" data-url=\"https:\/\/multimediaytransmedia.uniandes.edu.co\/alan-stevenson\/wp-content\/uploads\/sites\/14\/2021\/11\/The-Fermi-Paradox-\u2014-Where-Are-All-The-Aliens_-1_2.mp3\" data-start=\"0\" data-end=\"380000\" data-plays=\"1\"> el mayor de los filtros: salir.<\/span>\n\n\n\n\nPero una vez <span class=\"soundcite\" data-url=\"https:\/\/multimediaytransmedia.uniandes.edu.co\/alan-stevenson\/wp-content\/uploads\/sites\/14\/2021\/11\/What-Do-Alien-Civilizations-Look-Like_-The-Kardashev-Scale.mp3\" data-start=\"0\" data-end=\"700000\" data-plays=\"1\">la civilizacion<\/span> pas\u00f3 a <span class=\"soundcite\" data-url=\"https:\/\/multimediaytransmedia.uniandes.edu.co\/alan-stevenson\/wp-content\/uploads\/sites\/14\/2021\/11\/Building-a-Marsbase-is-a-Horrible-Idea_-Lets-do-it.mp3\" data-start=\"0\" data-end=\"561000\" data-plays=\"1\">segunda etapa<\/span> y fue capaz de almacenar la energ\u00eda de su estrella, se dio cuenta de un nuevo filtro, la muerte de su capacidad de asombro. Recientemente el \u00faltimo telescopio hab\u00eda captado im\u00e1genes lejanas, portadoras de la luz naciente, la primera del cosmos. Con esta informaci\u00f3n podr\u00edamos descifrar el rev\u00e9s de la entrop\u00eda, el viaje interestelar, resolver  <span class=\"soundcite\" data-url=\"https:\/\/multimediaytransmedia.uniandes.edu.co\/alan-stevenson\/wp-content\/uploads\/sites\/14\/2021\/11\/Why-Black-Holes-Could-Delete-The-Universe-\u2013-The-Information-Paradox.mp3\" data-start=\"0\" data-end=\"612000\" data-plays=\"1\">paradojas de tiempo y de informacion<\/span> \n\nSin embargo decidimos optar por un camino diferente.\n\n\n\nCon unas l\u00edneas de c\u00f3digo fabricadas a partir de la informaci\u00f3n de aquella luz, pudimos <span class=\"soundcite\" data-url=\"https:\/\/multimediaytransmedia.uniandes.edu.co\/alan-stevenson\/wp-content\/uploads\/sites\/14\/2021\/11\/is-reality-real-the-simulation-argument.mp3\" data-start=\"0\" data-end=\"525000\" data-plays=\"1\">dise\u00f1ar nuestro propio universo<\/span> Leyes hechas por nosotros para nosotros, la comodidad para la especie. La singularidad hab\u00eda llegado y <span class=\"soundcite\" data-url=\"https:\/\/multimediaytransmedia.uniandes.edu.co\/alan-stevenson\/wp-content\/uploads\/sites\/14\/2021\/11\/Can-You-Upload-Your-Mind-Live-Forever_.mp3\" data-start=\"0\" data-end=\"837000\" data-plays=\"1\">la biolog\u00eda hab\u00eda sido trascendida.<\/span>. La especie humana se convirti\u00f3 en un conglomerado de conciencias, navegando por su propio cosmos, sin volverse a preguntar sobre su condici\u00f3n org\u00e1nica ni sobre el plano que los vio nacer.\n","protected":false},"excerpt":{"rendered":"<p>Aqu\u00ed hay entradas sobre mis rese\u00f1as, cuentos y ensayos sobre ciencia ficci\u00f3n. OUTERNET Por Alan Stevenson A continuaci\u00f3n hay un<\/p>\n<p><a href=\"https:\/\/multimediaytransmedia.uniandes.edu.co\/alan-stevenson\/mis-entradas\/\" class=\"more-link\">Continue reading<span class=\"screen-reader-text\">Mis entradas<\/span><\/a><\/p>\n","protected":false},"author":14,"featured_media":0,"parent":0,"menu_order":0,"comment_status":"closed","ping_status":"closed","template":"","meta":{"footnotes":""},"class_list":["post-122","page","type-page","status-publish","hentry"],"_links":{"self":[{"href":"https:\/\/multimediaytransmedia.uniandes.edu.co\/alan-stevenson\/wp-json\/wp\/v2\/pages\/122","targetHints":{"allow":["GET"]}}],"collection":[{"href":"https:\/\/multimediaytransmedia.uniandes.edu.co\/alan-stevenson\/wp-json\/wp\/v2\/pages"}],"about":[{"href":"https:\/\/multimediaytransmedia.uniandes.edu.co\/alan-stevenson\/wp-json\/wp\/v2\/types\/page"}],"author":[{"embeddable":true,"href":"https:\/\/multimediaytransmedia.uniandes.edu.co\/alan-stevenson\/wp-json\/wp\/v2\/users\/14"}],"replies":[{"embeddable":true,"href":"https:\/\/multimediaytransmedia.uniandes.edu.co\/alan-stevenson\/wp-json\/wp\/v2\/comments?post=122"}],"version-history":[{"count":6,"href":"https:\/\/multimediaytransmedia.uniandes.edu.co\/alan-stevenson\/wp-json\/wp\/v2\/pages\/122\/revisions"}],"predecessor-version":[{"id":132,"href":"https:\/\/multimediaytransmedia.uniandes.edu.co\/alan-stevenson\/wp-json\/wp\/v2\/pages\/122\/revisions\/132"}],"wp:attachment":[{"href":"https:\/\/multimediaytransmedia.uniandes.edu.co\/alan-stevenson\/wp-json\/wp\/v2\/media?parent=122"}],"curies":[{"name":"wp","href":"https:\/\/api.w.org\/{rel}","templated":true}]}}