{"id":108,"date":"2021-12-02T10:27:05","date_gmt":"2021-12-02T15:27:05","guid":{"rendered":"https:\/\/multimediaytransmedia.uniandes.edu.co\/alan-stevenson\/?page_id=108"},"modified":"2021-12-02T11:07:25","modified_gmt":"2021-12-02T16:07:25","slug":"otro-tipo-ded-categorizacion","status":"publish","type":"page","link":"https:\/\/multimediaytransmedia.uniandes.edu.co\/alan-stevenson\/otro-tipo-ded-categorizacion\/","title":{"rendered":"Otro tipo de categorizaci\u00f3n"},"content":{"rendered":"\n<p>En este espacio la categorizaci\u00f3n de obras de ciencia ficci\u00f3n no se rige por soft o hard scifi, ni por l\u00edneas temporales, es un intento de destilar varias pel\u00edculas para encontrar subg\u00e9neros que puedandar otro tipo de orden. Algunas de las categor\u00edas son:<\/p>\n\n\n\n<ul class=\"wp-block-list\"><li>El espejo: Despues de encontrarse con Aliens, Robots o Clones, \u00bfQu\u00e9 podemos aprender de ellos para comprendernos a nosotros?<\/li><li>La llegada: Con la llegada de una amenaza externa (aliens, el clima, robots). La humanidad reestructura su sociedad.<\/li><li>Aliens, tiempo despu\u00e9s de la llegada: El primer contacto tambi\u00e9n es un espejo a nosotros como humanidad<\/li><li>Desde adentro: En esta secci\u00f3n exploramos las tecnolog\u00edas que se implementan por dentro.<\/li><\/ul>\n\n\n\n<iframe loading=\"lazy\" width=\"640\" height=\"320\" data-original-width=\"640\" data-original-height=\"320\" src=\"https:\/\/www.thinglink.com\/mediacard\/1518117694665129986\" type=\"text\/html\" frameborder=\"0\" webkitallowfullscreen=\"\" mozallowfullscreen=\"\" allowfullscreen=\"\" scrolling=\"no\"><\/iframe><script async=\"\" src=\"\/\/cdn.thinglink.me\/jse\/responsive.js\"><\/script>\n\n\n\n<p><\/p>\n","protected":false},"excerpt":{"rendered":"<p>En este espacio la categorizaci\u00f3n de obras de ciencia ficci\u00f3n no se rige por soft o hard scifi, ni por<\/p>\n<p><a href=\"https:\/\/multimediaytransmedia.uniandes.edu.co\/alan-stevenson\/otro-tipo-ded-categorizacion\/\" class=\"more-link\">Continue reading<span class=\"screen-reader-text\">Otro tipo de categorizaci\u00f3n<\/span><\/a><\/p>\n","protected":false},"author":14,"featured_media":0,"parent":0,"menu_order":0,"comment_status":"closed","ping_status":"closed","template":"","meta":{"footnotes":""},"class_list":["post-108","page","type-page","status-publish","hentry"],"_links":{"self":[{"href":"https:\/\/multimediaytransmedia.uniandes.edu.co\/alan-stevenson\/wp-json\/wp\/v2\/pages\/108","targetHints":{"allow":["GET"]}}],"collection":[{"href":"https:\/\/multimediaytransmedia.uniandes.edu.co\/alan-stevenson\/wp-json\/wp\/v2\/pages"}],"about":[{"href":"https:\/\/multimediaytransmedia.uniandes.edu.co\/alan-stevenson\/wp-json\/wp\/v2\/types\/page"}],"author":[{"embeddable":true,"href":"https:\/\/multimediaytransmedia.uniandes.edu.co\/alan-stevenson\/wp-json\/wp\/v2\/users\/14"}],"replies":[{"embeddable":true,"href":"https:\/\/multimediaytransmedia.uniandes.edu.co\/alan-stevenson\/wp-json\/wp\/v2\/comments?post=108"}],"version-history":[{"count":4,"href":"https:\/\/multimediaytransmedia.uniandes.edu.co\/alan-stevenson\/wp-json\/wp\/v2\/pages\/108\/revisions"}],"predecessor-version":[{"id":130,"href":"https:\/\/multimediaytransmedia.uniandes.edu.co\/alan-stevenson\/wp-json\/wp\/v2\/pages\/108\/revisions\/130"}],"wp:attachment":[{"href":"https:\/\/multimediaytransmedia.uniandes.edu.co\/alan-stevenson\/wp-json\/wp\/v2\/media?parent=108"}],"curies":[{"name":"wp","href":"https:\/\/api.w.org\/{rel}","templated":true}]}}