{"id":102,"date":"2021-12-02T09:50:13","date_gmt":"2021-12-02T14:50:13","guid":{"rendered":"https:\/\/multimediaytransmedia.uniandes.edu.co\/alan-stevenson\/?page_id=102"},"modified":"2021-12-02T12:28:57","modified_gmt":"2021-12-02T17:28:57","slug":"categorias-de-ciencia-ficcion","status":"publish","type":"page","link":"https:\/\/multimediaytransmedia.uniandes.edu.co\/alan-stevenson\/categorias-de-ciencia-ficcion\/","title":{"rendered":"Hard vs Soft SciFi"},"content":{"rendered":"\n<p>La ciencia ficci\u00f3n se puede categorizar dentro de un espectro llamado Hard vs Soft SiFi. Hard se refiere a aquel que se aproxima a la realidad, usa tecnolog\u00edas que tenemos a nuestra disposici\u00f3n. Soft, es el que est\u00e1 alejado de nosotros, se parece m\u00e1s a la fantas\u00eda.<\/p>\n\n\n\n<iframe loading=\"lazy\" frameborder=\"0\" class=\"juxtapose\" width=\"100%\" height=\"7200\" src=\"https:\/\/cdn.knightlab.com\/libs\/juxtapose\/latest\/embed\/index.html?uid=ba356836-5394-11ec-abb7-b9a7ff2ee17c\"><\/iframe>\n\n\n\nhttps:\/\/cdn.knightlab.com\/libs\/juxtapose\/latest\/embed\/index.html?uid=ba356836-5394-11ec-abb7-b9a7ff2ee17c\n","protected":false},"excerpt":{"rendered":"<p>La ciencia ficci\u00f3n se puede categorizar dentro de un espectro llamado Hard vs Soft SiFi. Hard se refiere a aquel<\/p>\n<p><a href=\"https:\/\/multimediaytransmedia.uniandes.edu.co\/alan-stevenson\/categorias-de-ciencia-ficcion\/\" class=\"more-link\">Continue reading<span class=\"screen-reader-text\">Hard vs Soft SciFi<\/span><\/a><\/p>\n","protected":false},"author":14,"featured_media":0,"parent":0,"menu_order":0,"comment_status":"closed","ping_status":"closed","template":"","meta":{"footnotes":""},"class_list":["post-102","page","type-page","status-publish","hentry"],"_links":{"self":[{"href":"https:\/\/multimediaytransmedia.uniandes.edu.co\/alan-stevenson\/wp-json\/wp\/v2\/pages\/102","targetHints":{"allow":["GET"]}}],"collection":[{"href":"https:\/\/multimediaytransmedia.uniandes.edu.co\/alan-stevenson\/wp-json\/wp\/v2\/pages"}],"about":[{"href":"https:\/\/multimediaytransmedia.uniandes.edu.co\/alan-stevenson\/wp-json\/wp\/v2\/types\/page"}],"author":[{"embeddable":true,"href":"https:\/\/multimediaytransmedia.uniandes.edu.co\/alan-stevenson\/wp-json\/wp\/v2\/users\/14"}],"replies":[{"embeddable":true,"href":"https:\/\/multimediaytransmedia.uniandes.edu.co\/alan-stevenson\/wp-json\/wp\/v2\/comments?post=102"}],"version-history":[{"count":4,"href":"https:\/\/multimediaytransmedia.uniandes.edu.co\/alan-stevenson\/wp-json\/wp\/v2\/pages\/102\/revisions"}],"predecessor-version":[{"id":152,"href":"https:\/\/multimediaytransmedia.uniandes.edu.co\/alan-stevenson\/wp-json\/wp\/v2\/pages\/102\/revisions\/152"}],"wp:attachment":[{"href":"https:\/\/multimediaytransmedia.uniandes.edu.co\/alan-stevenson\/wp-json\/wp\/v2\/media?parent=102"}],"curies":[{"name":"wp","href":"https:\/\/api.w.org\/{rel}","templated":true}]}}